{"id":2139,"date":"2024-09-10T14:57:42","date_gmt":"2024-09-10T17:57:42","guid":{"rendered":"https:\/\/ies9010-infd.mendoza.edu.ar\/sitio\/?page_id=2139"},"modified":"2025-12-09T17:52:11","modified_gmt":"2025-12-09T20:52:11","slug":"equipo-directivo","status":"publish","type":"page","link":"https:\/\/ies9010-infd.mendoza.edu.ar\/sitio\/equipo-directivo\/","title":{"rendered":"Autoridades"},"content":{"rendered":"\n<figure class=\"wp-block-image size-large\"><img decoding=\"async\" loading=\"lazy\" width=\"1900\" height=\"190\" src=\"https:\/\/ies9010-infd.mendoza.edu.ar\/sitio\/wp-content\/uploads\/2025\/12\/Equipo-directivo-1900x190.png\" alt=\"\" class=\"wp-image-4506\" srcset=\"https:\/\/ies9010-infd.mendoza.edu.ar\/sitio\/wp-content\/uploads\/2025\/12\/Equipo-directivo-1900x190.png 1900w, https:\/\/ies9010-infd.mendoza.edu.ar\/sitio\/wp-content\/uploads\/2025\/12\/Equipo-directivo-1000x100.png 1000w, https:\/\/ies9010-infd.mendoza.edu.ar\/sitio\/wp-content\/uploads\/2025\/12\/Equipo-directivo-768x77.png 768w, https:\/\/ies9010-infd.mendoza.edu.ar\/sitio\/wp-content\/uploads\/2025\/12\/Equipo-directivo-1536x154.png 1536w, https:\/\/ies9010-infd.mendoza.edu.ar\/sitio\/wp-content\/uploads\/2025\/12\/Equipo-directivo.png 2000w\" sizes=\"(max-width: 1900px) 100vw, 1900px\" \/><\/figure>\n\n\n\n<p>RECTORA: LIC. CARINA MORALES<\/p>\n\n\n\n<p>VICERECTORA: PROF. ANABEL COSTELLA<\/p>\n\n\n\n<p>REGENTE: PROF. GUSTAVO SANCHEZ<\/p>\n\n\n\n<figure class=\"wp-block-image size-large\"><img decoding=\"async\" loading=\"lazy\" width=\"1900\" height=\"190\" src=\"https:\/\/ies9010-infd.mendoza.edu.ar\/sitio\/wp-content\/uploads\/2025\/12\/CONSEJO-ACADEMICO-1900x190.png\" alt=\"\" class=\"wp-image-4507\" srcset=\"https:\/\/ies9010-infd.mendoza.edu.ar\/sitio\/wp-content\/uploads\/2025\/12\/CONSEJO-ACADEMICO-1900x190.png 1900w, https:\/\/ies9010-infd.mendoza.edu.ar\/sitio\/wp-content\/uploads\/2025\/12\/CONSEJO-ACADEMICO-1000x100.png 1000w, https:\/\/ies9010-infd.mendoza.edu.ar\/sitio\/wp-content\/uploads\/2025\/12\/CONSEJO-ACADEMICO-768x77.png 768w, https:\/\/ies9010-infd.mendoza.edu.ar\/sitio\/wp-content\/uploads\/2025\/12\/CONSEJO-ACADEMICO-1536x154.png 1536w, https:\/\/ies9010-infd.mendoza.edu.ar\/sitio\/wp-content\/uploads\/2025\/12\/CONSEJO-ACADEMICO.png 2000w\" sizes=\"(max-width: 1900px) 100vw, 1900px\" \/><\/figure>\n\n\n\n<div class=\"wp-block-columns is-layout-flex wp-container-3\">\n<div class=\"wp-block-column is-layout-flow\">\n<p>JEFE DE FORMACI\u00d3N T\u00c9CNICA  PROF. GUSTAVO SANCHEZ<\/p>\n<\/div>\n\n\n\n<div class=\"wp-block-column is-layout-flow\">\n<p>JEFA DE FORMACI\u00d3N INICIAL PROF. CECILIA RACHOCKI<\/p>\n<\/div>\n<\/div>\n\n\n\n<div class=\"wp-block-columns is-layout-flex wp-container-8\">\n<div class=\"wp-block-column is-layout-flow\">\n<div class=\"wp-block-columns is-layout-flex wp-container-6\">\n<div class=\"wp-block-column is-layout-flow\">\n<p>JEFA DE FORMACI\u00d3N CONTINUA PROF. NATALIA MERCADO<\/p>\n<\/div>\n\n\n\n<div class=\"wp-block-column is-layout-flow\">\n<p>JEFE DE INVESTIGACI\u00d3N PROF. MAURICIO BICOCCA<\/p>\n<\/div>\n<\/div>\n<\/div>\n<\/div>\n\n\n\n<figure class=\"wp-block-image size-large\"><img decoding=\"async\" loading=\"lazy\" width=\"1900\" height=\"190\" src=\"https:\/\/ies9010-infd.mendoza.edu.ar\/sitio\/wp-content\/uploads\/2025\/12\/CONSEJO-ACADEMICO-1-1900x190.png\" alt=\"\" class=\"wp-image-4508\" srcset=\"https:\/\/ies9010-infd.mendoza.edu.ar\/sitio\/wp-content\/uploads\/2025\/12\/CONSEJO-ACADEMICO-1-1900x190.png 1900w, https:\/\/ies9010-infd.mendoza.edu.ar\/sitio\/wp-content\/uploads\/2025\/12\/CONSEJO-ACADEMICO-1-1000x100.png 1000w, https:\/\/ies9010-infd.mendoza.edu.ar\/sitio\/wp-content\/uploads\/2025\/12\/CONSEJO-ACADEMICO-1-768x77.png 768w, https:\/\/ies9010-infd.mendoza.edu.ar\/sitio\/wp-content\/uploads\/2025\/12\/CONSEJO-ACADEMICO-1-1536x154.png 1536w, https:\/\/ies9010-infd.mendoza.edu.ar\/sitio\/wp-content\/uploads\/2025\/12\/CONSEJO-ACADEMICO-1.png 2000w\" sizes=\"(max-width: 1900px) 100vw, 1900px\" \/><\/figure>\n\n\n\n<div class=\"wp-block-columns is-layout-flex wp-container-12\">\n<div class=\"wp-block-column is-layout-flow\">\n<p>TECNICATURA SUPERIOR EN COMPUTACI\u00d3N Y REDES PROF.  MIGUEL GORRINDO<\/p>\n<\/div>\n\n\n\n<div class=\"wp-block-column is-layout-flow\">\n<p>TECNICATURA SUPERIOR EN DESARROLLO DE SOFTWARE PROF. MARTIN ARISTIARAN<\/p>\n<\/div>\n\n\n\n<div class=\"wp-block-column is-layout-flow\">\n<p>TECNICATURA SUPERIOR AGRON\u00d3MICA PROF. ROMANELA GIUSTI<\/p>\n<\/div>\n<\/div>\n\n\n\n<div class=\"wp-block-columns is-layout-flex wp-container-16\">\n<div class=\"wp-block-column is-layout-flow\">\n<p>PROFESORADO DE INGL\u00c9S:  PROF . OLGA NEILA <\/p>\n<\/div>\n\n\n\n<div class=\"wp-block-column is-layout-flow\">\n<p>PROFESORADO DE EDUCACI\u00d3N SECUNDARIA EN LENGUA Y LITERATURA PROF. VANESA SOSA<\/p>\n<\/div>\n\n\n\n<div class=\"wp-block-column is-layout-flow\">\n<p>PROFESORADO DE M\u00daSICA PROF. CRISTIAN GOROSTIAGUE<\/p>\n<\/div>\n<\/div>\n\n\n\n<div class=\"wp-block-columns is-layout-flex wp-container-20\">\n<div class=\"wp-block-column is-layout-flow\">\n<p>PROFESORADO DE ARTES VISUALES. PROF. ANDREA MAZZINI <\/p>\n<\/div>\n\n\n\n<div class=\"wp-block-column is-layout-flow\">\n<p>PROFESORADO DE EDUCACI\u00d3N PRIMARIA <\/p>\n\n\n\n<p>Prof. KARINA DASCALAKY<\/p>\n<\/div>\n\n\n\n<div class=\"wp-block-column is-layout-flow\">\n<p>PROFESORADO DE EDUCACI\u00d3N INICIAL  PROF. JIMENA MOLINA<\/p>\n<\/div>\n<\/div>\n\n\n\n<div class=\"wp-block-columns is-layout-flex wp-container-24\">\n<div class=\"wp-block-column is-layout-flow\"><\/div>\n\n\n\n<div class=\"wp-block-column is-layout-flow\">\n<p>TECNICATURA SUPERIOR EN GESTI\u00d3N DE RECURSOS HUMANOS<\/p>\n<\/div>\n\n\n\n<div class=\"wp-block-column is-layout-flow\"><\/div>\n<\/div>\n\n\n\n<p><\/p>\n","protected":false},"excerpt":{"rendered":"<p>RECTORA: LIC. CARINA MORALES VICERECTORA: PROF. ANABEL COSTELLA REGENTE: PROF. GUSTAVO SANCHEZ JEFE DE FORMACI\u00d3N T\u00c9CNICA PROF. GUSTAVO SANCHEZ JEFA DE FORMACI\u00d3N INICIAL PROF. CECILIA RACHOCKI JEFA DE FORMACI\u00d3N CONTINUA PROF. NATALIA MERCADO JEFE DE INVESTIGACI\u00d3N PROF. MAURICIO BICOCCA TECNICATURA SUPERIOR EN COMPUTACI\u00d3N Y REDES PROF. MIGUEL GORRINDO TECNICATURA SUPERIOR EN DESARROLLO DE SOFTWARE PROF. &#8230; <a title=\"Autoridades\" class=\"read-more\" href=\"https:\/\/ies9010-infd.mendoza.edu.ar\/sitio\/equipo-directivo\/\" aria-label=\"More on Autoridades\">[+]<\/a><\/p>\n","protected":false},"author":2717,"featured_media":0,"parent":0,"menu_order":0,"comment_status":"closed","ping_status":"closed","template":"","meta":[],"acf":[],"_links":{"self":[{"href":"https:\/\/ies9010-infd.mendoza.edu.ar\/sitio\/wp-json\/wp\/v2\/pages\/2139"}],"collection":[{"href":"https:\/\/ies9010-infd.mendoza.edu.ar\/sitio\/wp-json\/wp\/v2\/pages"}],"about":[{"href":"https:\/\/ies9010-infd.mendoza.edu.ar\/sitio\/wp-json\/wp\/v2\/types\/page"}],"author":[{"embeddable":true,"href":"https:\/\/ies9010-infd.mendoza.edu.ar\/sitio\/wp-json\/wp\/v2\/users\/2717"}],"replies":[{"embeddable":true,"href":"https:\/\/ies9010-infd.mendoza.edu.ar\/sitio\/wp-json\/wp\/v2\/comments?post=2139"}],"version-history":[{"count":16,"href":"https:\/\/ies9010-infd.mendoza.edu.ar\/sitio\/wp-json\/wp\/v2\/pages\/2139\/revisions"}],"predecessor-version":[{"id":4513,"href":"https:\/\/ies9010-infd.mendoza.edu.ar\/sitio\/wp-json\/wp\/v2\/pages\/2139\/revisions\/4513"}],"wp:attachment":[{"href":"https:\/\/ies9010-infd.mendoza.edu.ar\/sitio\/wp-json\/wp\/v2\/media?parent=2139"}],"curies":[{"name":"wp","href":"https:\/\/api.w.org\/{rel}","templated":true}]}}