{"id":2160,"date":"2024-09-10T15:19:12","date_gmt":"2024-09-10T18:19:12","guid":{"rendered":"https:\/\/ies9010-infd.mendoza.edu.ar\/sitio\/?page_id=2160"},"modified":"2026-05-01T21:29:50","modified_gmt":"2026-05-02T00:29:50","slug":"docentes","status":"publish","type":"page","link":"https:\/\/ies9010-infd.mendoza.edu.ar\/sitio\/docentes\/","title":{"rendered":"RECURSOS DOCENTES"},"content":{"rendered":"\n<figure class=\"wp-block-image size-large\"><img decoding=\"async\" loading=\"lazy\" width=\"1900\" height=\"475\" src=\"https:\/\/ies9010-infd.mendoza.edu.ar\/sitio\/wp-content\/uploads\/2024\/11\/ecursos-docentes-1900x475.png\" alt=\"\" class=\"wp-image-3253\" srcset=\"https:\/\/ies9010-infd.mendoza.edu.ar\/sitio\/wp-content\/uploads\/2024\/11\/ecursos-docentes-1900x475.png 1900w, https:\/\/ies9010-infd.mendoza.edu.ar\/sitio\/wp-content\/uploads\/2024\/11\/ecursos-docentes-1000x250.png 1000w, https:\/\/ies9010-infd.mendoza.edu.ar\/sitio\/wp-content\/uploads\/2024\/11\/ecursos-docentes-768x192.png 768w, https:\/\/ies9010-infd.mendoza.edu.ar\/sitio\/wp-content\/uploads\/2024\/11\/ecursos-docentes-1536x384.png 1536w, https:\/\/ies9010-infd.mendoza.edu.ar\/sitio\/wp-content\/uploads\/2024\/11\/ecursos-docentes.png 1920w\" sizes=\"(max-width: 1900px) 100vw, 1900px\" \/><\/figure>\n\n\n\n<div class=\"alignnormal\"><div id=\"metaslider-id-3552\" style=\"width: 100%;\" class=\"ml-slider-3-33-0 metaslider metaslider-flex metaslider-3552 ml-slider ms-theme-default\" role=\"region\" aria-roledescription=\"Slideshow\" aria-label=\"Slideshow\">\n    <div id=\"metaslider_container_3552\">\n        <div id=\"metaslider_3552\" class=\"flexslider\">\n            <ul aria-live=\"polite\" class=\"slides\">\n                <li style=\"display: block; width: 100%;\" class=\"slide-3554 ms-image\" aria-roledescription=\"slide\" aria-label=\"slide-3554\"><a href=\"https:\/\/dti.mendoza.edu.ar\/superior\/\" target=\"_blank\"><img src=\"https:\/\/ies9010-infd.mendoza.edu.ar\/sitio\/wp-content\/uploads\/2025\/03\/progresar-1-1600x480.png\" height=\"600\" width=\"2000\" alt=\"\" class=\"slider-3552 slide-3554\" title=\"progresar (1)\" \/><\/a><div class=\"caption-wrap\"><div class=\"caption\">Acceso a Sistema DES<\/div><\/div><\/li>\n            <\/ul>\n        <\/div>\n        \n    <\/div>\n<\/div><\/div>\n\n\n\n<hr class=\"wp-block-separator has-alpha-channel-opacity\"\/>\n\n\n\n<p>Para solicitar certificado de servicios<\/p>\n\n\n\n<p><a href=\"mailto:secretaria@elvera9010.edu.ar\" target=\"_blank\" rel=\"noreferrer noopener\">secretaria@elvera9010.edu.ar<\/a><\/p>\n\n\n\n<hr class=\"wp-block-separator has-alpha-channel-opacity\"\/>\n\n\n\n<p>Herramientas digitales <\/p>\n\n\n\n<div class=\"wp-block-columns is-layout-flex wp-container-4\">\n<div class=\"wp-block-column is-layout-flow\">\n<figure class=\"wp-block-image size-large\"><a href=\"https:\/\/www.ilovepdf.com\/es\/unir_pdf\" target=\"_blank\" rel=\"noreferrer noopener\"><img decoding=\"async\" loading=\"lazy\" width=\"1900\" height=\"570\" src=\"https:\/\/ies9010-infd.mendoza.edu.ar\/sitio\/wp-content\/uploads\/2025\/12\/Unir-PDF-1900x570.png\" alt=\"\" class=\"wp-image-4515\" srcset=\"https:\/\/ies9010-infd.mendoza.edu.ar\/sitio\/wp-content\/uploads\/2025\/12\/Unir-PDF-1900x570.png 1900w, https:\/\/ies9010-infd.mendoza.edu.ar\/sitio\/wp-content\/uploads\/2025\/12\/Unir-PDF-1000x300.png 1000w, https:\/\/ies9010-infd.mendoza.edu.ar\/sitio\/wp-content\/uploads\/2025\/12\/Unir-PDF-768x230.png 768w, https:\/\/ies9010-infd.mendoza.edu.ar\/sitio\/wp-content\/uploads\/2025\/12\/Unir-PDF-1536x461.png 1536w, https:\/\/ies9010-infd.mendoza.edu.ar\/sitio\/wp-content\/uploads\/2025\/12\/Unir-PDF.png 2000w\" sizes=\"(max-width: 1900px) 100vw, 1900px\" \/><\/a><\/figure>\n<\/div>\n\n\n\n<div class=\"wp-block-column is-layout-flow\">\n<figure class=\"wp-block-image size-large\"><a href=\"https:\/\/www.ilovepdf.com\/es\/comprimir_pdf\" target=\"_blank\" rel=\"noreferrer noopener\"><img decoding=\"async\" loading=\"lazy\" width=\"1900\" height=\"570\" src=\"https:\/\/ies9010-infd.mendoza.edu.ar\/sitio\/wp-content\/uploads\/2025\/12\/Unir-PDF-1-1900x570.png\" alt=\"\" class=\"wp-image-4516\" srcset=\"https:\/\/ies9010-infd.mendoza.edu.ar\/sitio\/wp-content\/uploads\/2025\/12\/Unir-PDF-1-1900x570.png 1900w, https:\/\/ies9010-infd.mendoza.edu.ar\/sitio\/wp-content\/uploads\/2025\/12\/Unir-PDF-1-1000x300.png 1000w, https:\/\/ies9010-infd.mendoza.edu.ar\/sitio\/wp-content\/uploads\/2025\/12\/Unir-PDF-1-768x230.png 768w, https:\/\/ies9010-infd.mendoza.edu.ar\/sitio\/wp-content\/uploads\/2025\/12\/Unir-PDF-1-1536x461.png 1536w, https:\/\/ies9010-infd.mendoza.edu.ar\/sitio\/wp-content\/uploads\/2025\/12\/Unir-PDF-1.png 2000w\" sizes=\"(max-width: 1900px) 100vw, 1900px\" \/><\/a><\/figure>\n<\/div>\n\n\n\n<div class=\"wp-block-column is-layout-flow\">\n<figure class=\"wp-block-image size-large\"><a href=\"https:\/\/www.ilovepdf.com\/es\/jpg_a_pdf\" target=\"_blank\" rel=\"noreferrer noopener\"><img decoding=\"async\" loading=\"lazy\" width=\"1900\" height=\"570\" src=\"https:\/\/ies9010-infd.mendoza.edu.ar\/sitio\/wp-content\/uploads\/2025\/12\/Unir-PDF-2-1900x570.png\" alt=\"\" class=\"wp-image-4517\" srcset=\"https:\/\/ies9010-infd.mendoza.edu.ar\/sitio\/wp-content\/uploads\/2025\/12\/Unir-PDF-2-1900x570.png 1900w, https:\/\/ies9010-infd.mendoza.edu.ar\/sitio\/wp-content\/uploads\/2025\/12\/Unir-PDF-2-1000x300.png 1000w, https:\/\/ies9010-infd.mendoza.edu.ar\/sitio\/wp-content\/uploads\/2025\/12\/Unir-PDF-2-768x230.png 768w, https:\/\/ies9010-infd.mendoza.edu.ar\/sitio\/wp-content\/uploads\/2025\/12\/Unir-PDF-2-1536x461.png 1536w, https:\/\/ies9010-infd.mendoza.edu.ar\/sitio\/wp-content\/uploads\/2025\/12\/Unir-PDF-2.png 2000w\" sizes=\"(max-width: 1900px) 100vw, 1900px\" \/><\/a><\/figure>\n<\/div>\n<\/div>\n\n\n\n<p>Inteligencias artificiales en contextos educativos<\/p>\n\n\n\n<p>Tratamiento de informaci\u00f3n (Netbooklm), Generador de m\u00fasica (SUNO), Generador de im\u00e1genes( Nano Banana)<\/p>\n\n\n\n<div class=\"wp-block-columns is-layout-flex wp-container-8\">\n<div class=\"wp-block-column is-layout-flow\">\n<figure class=\"wp-block-image size-large\"><a href=\"https:\/\/notebooklm.google\/\" target=\"_blank\" rel=\"noreferrer noopener\"><img decoding=\"async\" loading=\"lazy\" width=\"1900\" height=\"570\" src=\"https:\/\/ies9010-infd.mendoza.edu.ar\/sitio\/wp-content\/uploads\/2025\/12\/Diseno-sin-titulo-2-1900x570.png\" alt=\"\" class=\"wp-image-4521\" srcset=\"https:\/\/ies9010-infd.mendoza.edu.ar\/sitio\/wp-content\/uploads\/2025\/12\/Diseno-sin-titulo-2-1900x570.png 1900w, https:\/\/ies9010-infd.mendoza.edu.ar\/sitio\/wp-content\/uploads\/2025\/12\/Diseno-sin-titulo-2-1000x300.png 1000w, https:\/\/ies9010-infd.mendoza.edu.ar\/sitio\/wp-content\/uploads\/2025\/12\/Diseno-sin-titulo-2-768x230.png 768w, https:\/\/ies9010-infd.mendoza.edu.ar\/sitio\/wp-content\/uploads\/2025\/12\/Diseno-sin-titulo-2-1536x461.png 1536w, https:\/\/ies9010-infd.mendoza.edu.ar\/sitio\/wp-content\/uploads\/2025\/12\/Diseno-sin-titulo-2.png 2000w\" sizes=\"(max-width: 1900px) 100vw, 1900px\" \/><\/a><\/figure>\n<\/div>\n\n\n\n<div class=\"wp-block-column is-layout-flow\">\n<figure class=\"wp-block-image size-large\"><a href=\"https:\/\/suno.com\/create\" target=\"_blank\" rel=\"noreferrer noopener\"><img decoding=\"async\" loading=\"lazy\" width=\"1900\" height=\"570\" src=\"https:\/\/ies9010-infd.mendoza.edu.ar\/sitio\/wp-content\/uploads\/2025\/12\/Diseno-sin-titulo-4-1900x570.png\" alt=\"\" class=\"wp-image-4522\" srcset=\"https:\/\/ies9010-infd.mendoza.edu.ar\/sitio\/wp-content\/uploads\/2025\/12\/Diseno-sin-titulo-4-1900x570.png 1900w, https:\/\/ies9010-infd.mendoza.edu.ar\/sitio\/wp-content\/uploads\/2025\/12\/Diseno-sin-titulo-4-1000x300.png 1000w, https:\/\/ies9010-infd.mendoza.edu.ar\/sitio\/wp-content\/uploads\/2025\/12\/Diseno-sin-titulo-4-768x230.png 768w, https:\/\/ies9010-infd.mendoza.edu.ar\/sitio\/wp-content\/uploads\/2025\/12\/Diseno-sin-titulo-4-1536x461.png 1536w, https:\/\/ies9010-infd.mendoza.edu.ar\/sitio\/wp-content\/uploads\/2025\/12\/Diseno-sin-titulo-4.png 2000w\" sizes=\"(max-width: 1900px) 100vw, 1900px\" \/><\/a><\/figure>\n<\/div>\n\n\n\n<div class=\"wp-block-column is-layout-flow\">\n<figure class=\"wp-block-image size-large\"><a href=\"https:\/\/aistudio.google.com\/models\/gemini-2-5-flash-image\" target=\"_blank\" rel=\"noreferrer noopener\"><img decoding=\"async\" loading=\"lazy\" width=\"1900\" height=\"570\" src=\"https:\/\/ies9010-infd.mendoza.edu.ar\/sitio\/wp-content\/uploads\/2025\/12\/Diseno-sin-titulo-5-1900x570.png\" alt=\"\" class=\"wp-image-4523\" srcset=\"https:\/\/ies9010-infd.mendoza.edu.ar\/sitio\/wp-content\/uploads\/2025\/12\/Diseno-sin-titulo-5-1900x570.png 1900w, https:\/\/ies9010-infd.mendoza.edu.ar\/sitio\/wp-content\/uploads\/2025\/12\/Diseno-sin-titulo-5-1000x300.png 1000w, https:\/\/ies9010-infd.mendoza.edu.ar\/sitio\/wp-content\/uploads\/2025\/12\/Diseno-sin-titulo-5-768x230.png 768w, https:\/\/ies9010-infd.mendoza.edu.ar\/sitio\/wp-content\/uploads\/2025\/12\/Diseno-sin-titulo-5-1536x461.png 1536w, https:\/\/ies9010-infd.mendoza.edu.ar\/sitio\/wp-content\/uploads\/2025\/12\/Diseno-sin-titulo-5.png 2000w\" sizes=\"(max-width: 1900px) 100vw, 1900px\" \/><\/a><\/figure>\n<\/div>\n<\/div>\n\n\n\n<p><\/p>\n","protected":false},"excerpt":{"rendered":"<p>Para solicitar certificado de servicios secretaria@elvera9010.edu.ar Herramientas digitales Inteligencias artificiales en contextos educativos Tratamiento de informaci\u00f3n (Netbooklm), Generador de m\u00fasica (SUNO), Generador de im\u00e1genes( Nano Banana)<\/p>\n","protected":false},"author":2717,"featured_media":0,"parent":0,"menu_order":0,"comment_status":"closed","ping_status":"closed","template":"","meta":[],"acf":[],"_links":{"self":[{"href":"https:\/\/ies9010-infd.mendoza.edu.ar\/sitio\/wp-json\/wp\/v2\/pages\/2160"}],"collection":[{"href":"https:\/\/ies9010-infd.mendoza.edu.ar\/sitio\/wp-json\/wp\/v2\/pages"}],"about":[{"href":"https:\/\/ies9010-infd.mendoza.edu.ar\/sitio\/wp-json\/wp\/v2\/types\/page"}],"author":[{"embeddable":true,"href":"https:\/\/ies9010-infd.mendoza.edu.ar\/sitio\/wp-json\/wp\/v2\/users\/2717"}],"replies":[{"embeddable":true,"href":"https:\/\/ies9010-infd.mendoza.edu.ar\/sitio\/wp-json\/wp\/v2\/comments?post=2160"}],"version-history":[{"count":30,"href":"https:\/\/ies9010-infd.mendoza.edu.ar\/sitio\/wp-json\/wp\/v2\/pages\/2160\/revisions"}],"predecessor-version":[{"id":4815,"href":"https:\/\/ies9010-infd.mendoza.edu.ar\/sitio\/wp-json\/wp\/v2\/pages\/2160\/revisions\/4815"}],"wp:attachment":[{"href":"https:\/\/ies9010-infd.mendoza.edu.ar\/sitio\/wp-json\/wp\/v2\/media?parent=2160"}],"curies":[{"name":"wp","href":"https:\/\/api.w.org\/{rel}","templated":true}]}}