{"id":2178,"date":"2024-09-10T15:21:44","date_gmt":"2024-09-10T18:21:44","guid":{"rendered":"https:\/\/ies9010-infd.mendoza.edu.ar\/sitio\/?page_id=2178"},"modified":"2026-03-28T00:52:43","modified_gmt":"2026-03-28T03:52:43","slug":"postitulos-y-cursos","status":"publish","type":"page","link":"https:\/\/ies9010-infd.mendoza.edu.ar\/sitio\/postitulos-y-cursos\/","title":{"rendered":"FORMACI\u00d3N CONTINUA"},"content":{"rendered":"\n<figure class=\"wp-block-image size-large\"><img decoding=\"async\" loading=\"lazy\" width=\"1900\" height=\"475\" src=\"https:\/\/ies9010-infd.mendoza.edu.ar\/sitio\/wp-content\/uploads\/2024\/11\/formacion-continua-1900x475.png\" alt=\"\" class=\"wp-image-3172\" srcset=\"https:\/\/ies9010-infd.mendoza.edu.ar\/sitio\/wp-content\/uploads\/2024\/11\/formacion-continua-1900x475.png 1900w, https:\/\/ies9010-infd.mendoza.edu.ar\/sitio\/wp-content\/uploads\/2024\/11\/formacion-continua-1000x250.png 1000w, https:\/\/ies9010-infd.mendoza.edu.ar\/sitio\/wp-content\/uploads\/2024\/11\/formacion-continua-768x192.png 768w, https:\/\/ies9010-infd.mendoza.edu.ar\/sitio\/wp-content\/uploads\/2024\/11\/formacion-continua-1536x384.png 1536w, https:\/\/ies9010-infd.mendoza.edu.ar\/sitio\/wp-content\/uploads\/2024\/11\/formacion-continua.png 1920w\" sizes=\"(max-width: 1900px) 100vw, 1900px\" \/><\/figure>\n\n\n\n<div class=\"wp-block-columns is-layout-flex wp-container-4\">\n<div class=\"wp-block-column is-layout-flow\">\n<figure class=\"wp-block-image size-large\"><a href=\"https:\/\/ies9010-infd.mendoza.edu.ar\/sitio\/postitulos\/\" target=\"_blank\" rel=\"noreferrer noopener\"><img decoding=\"async\" loading=\"lazy\" width=\"1900\" height=\"570\" src=\"https:\/\/ies9010-infd.mendoza.edu.ar\/sitio\/wp-content\/uploads\/2026\/03\/22-1-1900x570.png\" alt=\"\" class=\"wp-image-4774\" srcset=\"https:\/\/ies9010-infd.mendoza.edu.ar\/sitio\/wp-content\/uploads\/2026\/03\/22-1-1900x570.png 1900w, https:\/\/ies9010-infd.mendoza.edu.ar\/sitio\/wp-content\/uploads\/2026\/03\/22-1-1000x300.png 1000w, https:\/\/ies9010-infd.mendoza.edu.ar\/sitio\/wp-content\/uploads\/2026\/03\/22-1-768x230.png 768w, https:\/\/ies9010-infd.mendoza.edu.ar\/sitio\/wp-content\/uploads\/2026\/03\/22-1-1536x461.png 1536w, https:\/\/ies9010-infd.mendoza.edu.ar\/sitio\/wp-content\/uploads\/2026\/03\/22-1.png 2000w\" sizes=\"(max-width: 1900px) 100vw, 1900px\" \/><\/a><\/figure>\n<\/div>\n\n\n\n<div class=\"wp-block-column is-layout-flow\">\n<figure class=\"wp-block-image size-large\"><a href=\"https:\/\/ies9010-infd.mendoza.edu.ar\/sitio\/educacion-a-distancia-ead\/\" target=\"_blank\" rel=\"noreferrer noopener\"><img decoding=\"async\" loading=\"lazy\" width=\"1900\" height=\"570\" src=\"https:\/\/ies9010-infd.mendoza.edu.ar\/sitio\/wp-content\/uploads\/2026\/03\/21-1900x570.png\" alt=\"\" class=\"wp-image-4729\" srcset=\"https:\/\/ies9010-infd.mendoza.edu.ar\/sitio\/wp-content\/uploads\/2026\/03\/21-1900x570.png 1900w, https:\/\/ies9010-infd.mendoza.edu.ar\/sitio\/wp-content\/uploads\/2026\/03\/21-1000x300.png 1000w, https:\/\/ies9010-infd.mendoza.edu.ar\/sitio\/wp-content\/uploads\/2026\/03\/21-768x230.png 768w, https:\/\/ies9010-infd.mendoza.edu.ar\/sitio\/wp-content\/uploads\/2026\/03\/21-1536x461.png 1536w, https:\/\/ies9010-infd.mendoza.edu.ar\/sitio\/wp-content\/uploads\/2026\/03\/21.png 2000w\" sizes=\"(max-width: 1900px) 100vw, 1900px\" \/><\/a><\/figure>\n<\/div>\n\n\n\n<div class=\"wp-block-column is-layout-flow\">\n<figure class=\"wp-block-image size-large\"><a href=\"https:\/\/ies9010-infd.mendoza.edu.ar\/sitio\/cursos\/\" target=\"_blank\" rel=\"noreferrer noopener\"><img decoding=\"async\" loading=\"lazy\" width=\"1900\" height=\"570\" src=\"https:\/\/ies9010-infd.mendoza.edu.ar\/sitio\/wp-content\/uploads\/2026\/03\/23-1900x570.png\" alt=\"\" class=\"wp-image-4775\" srcset=\"https:\/\/ies9010-infd.mendoza.edu.ar\/sitio\/wp-content\/uploads\/2026\/03\/23-1900x570.png 1900w, https:\/\/ies9010-infd.mendoza.edu.ar\/sitio\/wp-content\/uploads\/2026\/03\/23-1000x300.png 1000w, https:\/\/ies9010-infd.mendoza.edu.ar\/sitio\/wp-content\/uploads\/2026\/03\/23-768x230.png 768w, https:\/\/ies9010-infd.mendoza.edu.ar\/sitio\/wp-content\/uploads\/2026\/03\/23-1536x461.png 1536w, https:\/\/ies9010-infd.mendoza.edu.ar\/sitio\/wp-content\/uploads\/2026\/03\/23.png 2000w\" sizes=\"(max-width: 1900px) 100vw, 1900px\" \/><\/a><\/figure>\n<\/div>\n<\/div>\n\n\n\n<h5 class=\"wp-block-heading has-text-align-center\">Jefatura de Formaci\u00f3n Continua<\/h5>\n\n\n\n<h5 class=\"wp-block-heading has-text-align-center\">Prof. Natalia Mercado<\/h5>\n\n\n\n<h6 class=\"wp-block-heading has-text-align-center\">Secretaria: \u00c9rica Medina<\/h6>\n\n\n\n<h6 class=\"wp-block-heading has-text-align-center\">Contacto: 2622275365<\/h6>\n\n\n\n<p class=\"has-text-align-center\"><strong>Email: fcontinua9010@gmail.com<\/strong><\/p>\n\n\n\n<h6 class=\"wp-block-heading has-text-align-center\">Horarios de atenci\u00f3n al p\u00fablico<\/h6>\n\n\n\n<figure class=\"wp-block-table\"><table><tbody><tr><td>LUNES<\/td><td>MARTES<\/td><td>MI\u00c9RCOLES<\/td><td>JUEVES<\/td><td>VIERNES<\/td><td>S\u00c1BADO<\/td><\/tr><tr><td>8,30 HS A 12,30 HS<\/td><td>8,00 HS A 13,00 HS<\/td><td>\u2014\u2014\u2014\u2014\u2013<\/td><td>\u2014\u2014\u2014\u2014\u2013<\/td><td>9,00 HS A 12 HS<\/td><td>8,OO HS A 14,00 HS<\/td><\/tr><tr><td>18,30 HS A 20,30 HS<\/td><td>18,30 HS A 20,30 HS<\/td><td>18,00 HS A 22,00 HS<\/td><td>17,30 HS A 21,30 HS<\/td><td>18,00 HS A 22,30 HS<\/td><\/tr><\/tbody><\/table><\/figure>\n\n\n<p>La formaci\u00f3n continua representa un pilar fundamental en el desarrollo profesional de los docentes, garantizando su constante actualizaci\u00f3n frente a los desaf\u00edos y transformaciones de los contextos educativos actuales. Este proceso abarca un conjunto de acciones orientadas a fortalecer las competencias pedag\u00f3gicas, t\u00e9cnicas y personales de los educadores mediante capacitaciones, talleres especializados, encuentros acad\u00e9micos y actividades colaborativas.<\/p>\n<p>El objetivo de estas iniciativas es empoderar a los docentes y a la comunidad educativa, promoviendo una ense\u00f1anza innovadora, inclusiva y adaptada a las necesidades del entorno. A trav\u00e9s de la formaci\u00f3n continua, los profesionales de la educaci\u00f3n pueden no solo adquirir nuevas herramientas y enfoques, sino tambi\u00e9n reflexionar sobre sus pr\u00e1cticas y enriquecer el proceso de aprendizaje de sus estudiantes. Este esfuerzo, adem\u00e1s, fomenta una cultura de mejora constante y colaboraci\u00f3n, esencial para garantizar una educaci\u00f3n de calidad y con proyecci\u00f3n al futuro.<\/p>","protected":false},"excerpt":{"rendered":"<p>Jefatura de Formaci\u00f3n Continua Prof. Natalia Mercado Secretaria: \u00c9rica Medina Contacto: 2622275365 Email: fcontinua9010@gmail.com Horarios de atenci\u00f3n al p\u00fablico LUNES MARTES MI\u00c9RCOLES JUEVES VIERNES S\u00c1BADO 8,30 HS A 12,30 HS 8,00 HS A 13,00 HS \u2014\u2014\u2014\u2014\u2013 \u2014\u2014\u2014\u2014\u2013 9,00 HS A 12 HS 8,OO HS A 14,00 HS 18,30 HS A 20,30 HS 18,30 HS A &#8230; <a title=\"FORMACI\u00d3N CONTINUA\" class=\"read-more\" href=\"https:\/\/ies9010-infd.mendoza.edu.ar\/sitio\/postitulos-y-cursos\/\" aria-label=\"More on FORMACI\u00d3N CONTINUA\">[+]<\/a><\/p>\n","protected":false},"author":2717,"featured_media":0,"parent":0,"menu_order":0,"comment_status":"closed","ping_status":"closed","template":"","meta":[],"acf":[],"_links":{"self":[{"href":"https:\/\/ies9010-infd.mendoza.edu.ar\/sitio\/wp-json\/wp\/v2\/pages\/2178"}],"collection":[{"href":"https:\/\/ies9010-infd.mendoza.edu.ar\/sitio\/wp-json\/wp\/v2\/pages"}],"about":[{"href":"https:\/\/ies9010-infd.mendoza.edu.ar\/sitio\/wp-json\/wp\/v2\/types\/page"}],"author":[{"embeddable":true,"href":"https:\/\/ies9010-infd.mendoza.edu.ar\/sitio\/wp-json\/wp\/v2\/users\/2717"}],"replies":[{"embeddable":true,"href":"https:\/\/ies9010-infd.mendoza.edu.ar\/sitio\/wp-json\/wp\/v2\/comments?post=2178"}],"version-history":[{"count":14,"href":"https:\/\/ies9010-infd.mendoza.edu.ar\/sitio\/wp-json\/wp\/v2\/pages\/2178\/revisions"}],"predecessor-version":[{"id":4795,"href":"https:\/\/ies9010-infd.mendoza.edu.ar\/sitio\/wp-json\/wp\/v2\/pages\/2178\/revisions\/4795"}],"wp:attachment":[{"href":"https:\/\/ies9010-infd.mendoza.edu.ar\/sitio\/wp-json\/wp\/v2\/media?parent=2178"}],"curies":[{"name":"wp","href":"https:\/\/api.w.org\/{rel}","templated":true}]}}