{"id":2188,"date":"2024-09-10T15:35:42","date_gmt":"2024-09-10T18:35:42","guid":{"rendered":"https:\/\/ies9010-infd.mendoza.edu.ar\/sitio\/?page_id=2188"},"modified":"2026-04-13T23:50:59","modified_gmt":"2026-04-14T02:50:59","slug":"becas-progresar","status":"publish","type":"page","link":"https:\/\/ies9010-infd.mendoza.edu.ar\/sitio\/becas-progresar\/","title":{"rendered":"Pol\u00edticas estudiantiles"},"content":{"rendered":"\n<figure class=\"wp-block-image size-large\"><img decoding=\"async\" loading=\"lazy\" width=\"1900\" height=\"570\" src=\"https:\/\/ies9010-infd.mendoza.edu.ar\/sitio\/wp-content\/uploads\/2025\/03\/Inscripciones-a-las-unidades-curric-1900x570.png\" alt=\"\" class=\"wp-image-3608\" srcset=\"https:\/\/ies9010-infd.mendoza.edu.ar\/sitio\/wp-content\/uploads\/2025\/03\/Inscripciones-a-las-unidades-curric-1900x570.png 1900w, https:\/\/ies9010-infd.mendoza.edu.ar\/sitio\/wp-content\/uploads\/2025\/03\/Inscripciones-a-las-unidades-curric-1000x300.png 1000w, https:\/\/ies9010-infd.mendoza.edu.ar\/sitio\/wp-content\/uploads\/2025\/03\/Inscripciones-a-las-unidades-curric-768x230.png 768w, https:\/\/ies9010-infd.mendoza.edu.ar\/sitio\/wp-content\/uploads\/2025\/03\/Inscripciones-a-las-unidades-curric-1536x461.png 1536w, https:\/\/ies9010-infd.mendoza.edu.ar\/sitio\/wp-content\/uploads\/2025\/03\/Inscripciones-a-las-unidades-curric.png 2000w\" sizes=\"(max-width: 1900px) 100vw, 1900px\" \/><\/figure>\n\n\n\n<h6 class=\"wp-block-heading has-text-align-center\">Becas PROGRESAR<\/h6>\n\n\n\n<p class=\"has-text-align-center\"><strong>Whatsapp <\/strong><\/p>\n\n\n\n<p class=\"has-text-align-center\">2615550576<\/p>\n\n\n\n<p class=\"has-text-align-center\"><strong>e-mail- Pol\u00edticas Estudiantiles<\/strong><\/p>\n\n\n\n<p class=\"has-text-align-center\"><a href=\"mailto:estudiantiles.ies9010@gmail.com\">estudiantiles.ies9010@gmail.com<\/a><\/p>\n\n\n\n<p>Abre este enlace para unirte a mi grupo de WhatsApp:<\/p>\n\n\n\n<figure class=\"wp-block-image size-full is-resized\"><a href=\"https:\/\/chat.whatsapp.com\/Fd4EU428486215wwW23Bts\" target=\"_blank\" rel=\"noreferrer noopener\"><img decoding=\"async\" loading=\"lazy\" src=\"https:\/\/ies9010-infd.mendoza.edu.ar\/sitio\/wp-content\/uploads\/2025\/04\/Whatsapp-1.png\" alt=\"\" class=\"wp-image-3684\" width=\"48\" height=\"48\"\/><\/a><\/figure>\n\n\n\n<p><a href=\"https:\/\/chat.whatsapp.com\/Fd4EU428486215wwW23Bts\">https:\/\/chat.whatsapp.com\/Fd4EU428486215wwW23Bts<\/a><\/p>\n\n\n\n<hr class=\"wp-block-separator has-alpha-channel-opacity\"\/>\n\n\n\n<h3 class=\"wp-block-heading\">PROGRESAR 2026<\/h3>\n\n\n\n<div class=\"wp-block-columns is-layout-flex wp-container-3\">\n<div class=\"wp-block-column is-layout-flow\">\n<figure class=\"wp-block-image size-full\"><img decoding=\"async\" loading=\"lazy\" width=\"1131\" height=\"1600\" src=\"https:\/\/ies9010-infd.mendoza.edu.ar\/sitio\/wp-content\/uploads\/2026\/04\/progresar-2026.jpeg\" alt=\"\" class=\"wp-image-4803\" srcset=\"https:\/\/ies9010-infd.mendoza.edu.ar\/sitio\/wp-content\/uploads\/2026\/04\/progresar-2026.jpeg 1131w, https:\/\/ies9010-infd.mendoza.edu.ar\/sitio\/wp-content\/uploads\/2026\/04\/progresar-2026-707x1000.jpeg 707w, https:\/\/ies9010-infd.mendoza.edu.ar\/sitio\/wp-content\/uploads\/2026\/04\/progresar-2026-768x1086.jpeg 768w, https:\/\/ies9010-infd.mendoza.edu.ar\/sitio\/wp-content\/uploads\/2026\/04\/progresar-2026-1086x1536.jpeg 1086w\" sizes=\"(max-width: 1131px) 100vw, 1131px\" \/><\/figure>\n<\/div>\n\n\n\n<div class=\"wp-block-column is-layout-flow\">\n<p><\/p>\n\n\n\n<p>BECAS PROGRESAR 2026<br>\u00a1Impuls\u00e1 tu carrera de nivel Superior!<br>Si sos estudiante del IES 9010 ya pod\u00e9s solicitar tu Beca<br>&#x1f4cb; REQUISITOS PRINCIPALES<br>EDAD:<br>Ingresantes: 17 a 24 a\u00f1os.<br>Estudiantes avanzados: Hasta 30 a\u00f1os.<br>Sin l\u00edmite para grupos prioritarios<br>INGRESOS: El dinero que entra en tu hogar no debe superar los 3 Salarios M\u00ednimos (SMVM).<br>ACAD\u00c9MICO: Ser alumno regular en una instituci\u00f3n educativa p\u00fablica.<\/p>\n\n\n\n<p>$35.000 mensuales<\/p>\n\n\n\n<p>&#x1f4bb; \u00bfC\u00d3MO ME INSCRIBO?<br>El tr\u00e1mite es 100% online. Entr\u00e1 a la web oficial o bajate la app Mi Argentina<br><a href=\"https:\/\/www.argentina.gob.ar\/educacion\/progresa\" target=\"_blank\" rel=\"noreferrer noopener\">https:\/\/www.argentina.gob.ar\/educacion\/progresa<\/a>r<\/p>\n<\/div>\n<\/div>\n\n\n\n<div class=\"wp-block-file\"><object class=\"wp-block-file__embed\" data=\"https:\/\/ies9010-infd.mendoza.edu.ar\/sitio\/wp-content\/uploads\/2026\/04\/Instructivo-de-inscripcion-Superior-2026.pdf\" type=\"application\/pdf\" style=\"width:100%;height:600px\" aria-label=\"Incrustado de Instructivo-de-inscripcion-Superior-2026.\"><\/object><a id=\"wp-block-file--media-d7e012d0-2921-47bc-81fe-8b1f5cb238b8\" href=\"https:\/\/ies9010-infd.mendoza.edu.ar\/sitio\/wp-content\/uploads\/2026\/04\/Instructivo-de-inscripcion-Superior-2026.pdf\">Instructivo-de-inscripcion-Superior-2026<\/a><a href=\"https:\/\/ies9010-infd.mendoza.edu.ar\/sitio\/wp-content\/uploads\/2026\/04\/Instructivo-de-inscripcion-Superior-2026.pdf\" class=\"wp-block-file__button wp-element-button\" download aria-describedby=\"wp-block-file--media-d7e012d0-2921-47bc-81fe-8b1f5cb238b8\">Descarga<\/a><\/div>\n\n\n\n<hr class=\"wp-block-separator has-alpha-channel-opacity\"\/>\n\n\n\n<p>Importante.<\/p>\n\n\n\n<p>Los estudiantes que no puedan acreditar identidad o no puedan ingresar a \u00bb Mi argentina\u00bb, deben dirigirse al punto Digital m\u00e1s cercano a su domicilio.<\/p>\n\n\n\n<p>Eugenio Bustos: San Martin s\/n\u00b0. De 8 hs a 13 hs. y de 15 hs. a 18 hs. Email. sancarlos2@puntodigital.gob.ar<\/p>\n\n\n\n<p>Chilecito: CIC. San Martin 520. 7.30 hs a 14 hs. Email. sancarlos@puntodigital.gob.ar<\/p>\n\n\n\n<p>Busca tu Punto Digital m\u00e1s cercano<\/p>\n\n\n\n<figure class=\"wp-block-image size-full\"><a href=\"https:\/\/www.argentina.gob.ar\/tecnologias-de-la-informacion-y-las-comunicaciones\/punto-digital#232\" target=\"_blank\" rel=\"noreferrer noopener\"><img decoding=\"async\" loading=\"lazy\" width=\"1138\" height=\"578\" src=\"https:\/\/ies9010-infd.mendoza.edu.ar\/sitio\/wp-content\/uploads\/2025\/04\/Captura-de-pantalla-2025-04-15-154357.png\" alt=\"\" class=\"wp-image-3701\" srcset=\"https:\/\/ies9010-infd.mendoza.edu.ar\/sitio\/wp-content\/uploads\/2025\/04\/Captura-de-pantalla-2025-04-15-154357.png 1138w, https:\/\/ies9010-infd.mendoza.edu.ar\/sitio\/wp-content\/uploads\/2025\/04\/Captura-de-pantalla-2025-04-15-154357-1000x508.png 1000w, https:\/\/ies9010-infd.mendoza.edu.ar\/sitio\/wp-content\/uploads\/2025\/04\/Captura-de-pantalla-2025-04-15-154357-768x390.png 768w\" sizes=\"(max-width: 1138px) 100vw, 1138px\" \/><\/a><\/figure>\n\n\n\n<h6 class=\"wp-block-heading\">Inscripci\u00f3n a Segunda Convocatoria. Desde el 18 de agosto al 05 de setiembre de 2025. Para quienes no tienen beca todav\u00eda<\/h6>\n\n\n\n<p>A tener en cuenta:<\/p>\n\n\n\n<p><strong>DEBE CREAR CADA POSTULANTE<\/strong><br>Un usuario propio en Mi Argentina.<\/p>\n\n\n\n<p>Un CBU o CVU a su nombre.<br>Sus datos actualizados en Anses.<br>Los datos personales, los del grupo familiar y el domicilio son tenidos en cuenta para la evaluaci\u00f3n de los requisitos y la ejecuci\u00f3n del<br>pago. En caso de necesitar rectificarlos, deber\u00e1n acercarse a una oficina del organismo. Esta informaci\u00f3n puede consultarse en<br>anses.gob.ar\/mi-anses<\/p>\n\n\n\n<p>En Nivel Superior no hay que llenar ning\u00fan formulario en PAPEL, toda la gesti\u00f3n se realiza de manera on line ingresando al link.<\/p>\n\n\n\n<p>Para estudiantes del IES deben inscribirse en la L\u00ednea \u201cFomento de la educaci\u00f3n superior\u201d<br>Quienes ya tienen beca DEBEN VOLVER A INSCRIBIRSE como estudiantes avanzados. La renovaci\u00f3n NO ES AUTOMATICA<\/p>\n\n\n\n<p>Quienes est\u00e1n ingresando en Primer A\u00f1o. DEBEN INSCRIBIRSE como estudiantes ingresantes al Instituto. Por m\u00e1s que hayan obtenido la beca en secundario ESTA ES OTRA CONVOCATORIA PARA NIVEL SUPERIOR.<br>1\u00b0 DEBEN REGISTRARSE en Mi Argentina <a rel=\"noreferrer noopener\" href=\"https:\/\/www.argentina.gob.ar\/miargentina\" target=\"_blank\">https:\/\/www.argentina.gob.ar\/miargentina<\/a> Luego puede comenzar la inscripci\u00f3n a la beca, siguiendo estos pasos:<br>La solicitud estar\u00e1 completa una vez que termine estos pasos y env\u00ede el formulario<br>2\u00b0Ingresar en <a rel=\"noreferrer noopener\" href=\"https:\/\/www.argentina.gob.ar\/educacion\/progresar\" target=\"_blank\">https:\/\/www.argentina.gob.ar\/educacion\/progresar<\/a><br>3\u00b0 Hacer clic en el bot\u00f3n de la l\u00ednea a la que se quiera inscribir en la secci\u00f3n Ingreso e inscripci\u00f3n por la l\u00ednea de *beca \u201cFomento de la educaci\u00f3n superior\u201d<br>4\u00b0 Se lo redireccionar\u00e1 al login de Mi Argentina<br>5\u00b0 Ingresar su CUIL y la contrase\u00f1a de Mi Argentina<br>Al entrar, se autocompletar\u00e1n sus datos personales.<br>Responder la encuesta y completar sus datos acad\u00e9micos.<br>Finalmente, enviar el formulario.<br>Guardar el comprobante de inscripci\u00f3n para cualquier reclamo<br>Consultas. Pol\u00edticas Estudiantiles.IES 9010<\/p>\n","protected":false},"excerpt":{"rendered":"<p>Becas PROGRESAR Whatsapp 2615550576 e-mail- Pol\u00edticas Estudiantiles estudiantiles.ies9010@gmail.com Abre este enlace para unirte a mi grupo de WhatsApp: https:\/\/chat.whatsapp.com\/Fd4EU428486215wwW23Bts PROGRESAR 2026 BECAS PROGRESAR 2026\u00a1Impuls\u00e1 tu carrera de nivel Superior!Si sos estudiante del IES 9010 ya pod\u00e9s solicitar tu Beca&#x1f4cb; REQUISITOS PRINCIPALESEDAD:Ingresantes: 17 a 24 a\u00f1os.Estudiantes avanzados: Hasta 30 a\u00f1os.Sin l\u00edmite para grupos prioritariosINGRESOS: El dinero &#8230; <a title=\"Pol\u00edticas estudiantiles\" class=\"read-more\" href=\"https:\/\/ies9010-infd.mendoza.edu.ar\/sitio\/becas-progresar\/\" aria-label=\"More on Pol\u00edticas estudiantiles\">[+]<\/a><\/p>\n","protected":false},"author":2717,"featured_media":0,"parent":0,"menu_order":0,"comment_status":"closed","ping_status":"closed","template":"","meta":[],"acf":[],"_links":{"self":[{"href":"https:\/\/ies9010-infd.mendoza.edu.ar\/sitio\/wp-json\/wp\/v2\/pages\/2188"}],"collection":[{"href":"https:\/\/ies9010-infd.mendoza.edu.ar\/sitio\/wp-json\/wp\/v2\/pages"}],"about":[{"href":"https:\/\/ies9010-infd.mendoza.edu.ar\/sitio\/wp-json\/wp\/v2\/types\/page"}],"author":[{"embeddable":true,"href":"https:\/\/ies9010-infd.mendoza.edu.ar\/sitio\/wp-json\/wp\/v2\/users\/2717"}],"replies":[{"embeddable":true,"href":"https:\/\/ies9010-infd.mendoza.edu.ar\/sitio\/wp-json\/wp\/v2\/comments?post=2188"}],"version-history":[{"count":28,"href":"https:\/\/ies9010-infd.mendoza.edu.ar\/sitio\/wp-json\/wp\/v2\/pages\/2188\/revisions"}],"predecessor-version":[{"id":4808,"href":"https:\/\/ies9010-infd.mendoza.edu.ar\/sitio\/wp-json\/wp\/v2\/pages\/2188\/revisions\/4808"}],"wp:attachment":[{"href":"https:\/\/ies9010-infd.mendoza.edu.ar\/sitio\/wp-json\/wp\/v2\/media?parent=2188"}],"curies":[{"name":"wp","href":"https:\/\/api.w.org\/{rel}","templated":true}]}}