{"id":2316,"date":"2024-09-13T16:20:24","date_gmt":"2024-09-13T19:20:24","guid":{"rendered":"https:\/\/ies9010-infd.mendoza.edu.ar\/sitio\/?page_id=2316"},"modified":"2025-10-23T11:33:58","modified_gmt":"2025-10-23T14:33:58","slug":"ingreso-por-art-7","status":"publish","type":"page","link":"https:\/\/ies9010-infd.mendoza.edu.ar\/sitio\/ingreso-por-art-7\/","title":{"rendered":"Ingreso por art. 7"},"content":{"rendered":"\n<h4 class=\"wp-block-heading\"><strong>\u00bfQuer\u00e9s estudiar pero ten\u00e9s el secundario incompleto?<\/strong><\/h4>\n\n\n\n<figure class=\"wp-block-image size-full\"><img decoding=\"async\" loading=\"lazy\" width=\"1280\" height=\"1218\" src=\"https:\/\/ies9010-infd.mendoza.edu.ar\/sitio\/wp-content\/uploads\/2025\/10\/art71.jpg\" alt=\"\" class=\"wp-image-4300\" srcset=\"https:\/\/ies9010-infd.mendoza.edu.ar\/sitio\/wp-content\/uploads\/2025\/10\/art71.jpg 1280w, https:\/\/ies9010-infd.mendoza.edu.ar\/sitio\/wp-content\/uploads\/2025\/10\/art71-1000x952.jpg 1000w, https:\/\/ies9010-infd.mendoza.edu.ar\/sitio\/wp-content\/uploads\/2025\/10\/art71-768x731.jpg 768w\" sizes=\"(max-width: 1280px) 100vw, 1280px\" \/><\/figure>\n\n\n\n<figure class=\"wp-block-image size-full\"><img decoding=\"async\" loading=\"lazy\" width=\"1280\" height=\"733\" src=\"https:\/\/ies9010-infd.mendoza.edu.ar\/sitio\/wp-content\/uploads\/2025\/10\/art72.jpg\" alt=\"\" class=\"wp-image-4302\" srcset=\"https:\/\/ies9010-infd.mendoza.edu.ar\/sitio\/wp-content\/uploads\/2025\/10\/art72.jpg 1280w, https:\/\/ies9010-infd.mendoza.edu.ar\/sitio\/wp-content\/uploads\/2025\/10\/art72-1000x573.jpg 1000w, https:\/\/ies9010-infd.mendoza.edu.ar\/sitio\/wp-content\/uploads\/2025\/10\/art72-768x440.jpg 768w\" sizes=\"(max-width: 1280px) 100vw, 1280px\" \/><\/figure>\n\n\n\n<figure class=\"wp-block-image size-full\"><img decoding=\"async\" loading=\"lazy\" width=\"1280\" height=\"1144\" src=\"https:\/\/ies9010-infd.mendoza.edu.ar\/sitio\/wp-content\/uploads\/2025\/10\/art73.jpg\" alt=\"\" class=\"wp-image-4303\" srcset=\"https:\/\/ies9010-infd.mendoza.edu.ar\/sitio\/wp-content\/uploads\/2025\/10\/art73.jpg 1280w, https:\/\/ies9010-infd.mendoza.edu.ar\/sitio\/wp-content\/uploads\/2025\/10\/art73-1000x894.jpg 1000w, https:\/\/ies9010-infd.mendoza.edu.ar\/sitio\/wp-content\/uploads\/2025\/10\/art73-768x686.jpg 768w\" sizes=\"(max-width: 1280px) 100vw, 1280px\" \/><\/figure>\n\n\n\n<h5 class=\"wp-block-heading\">Preinscripciones 2026<\/h5>\n\n\n\n<p><a href=\"https:\/\/docs.google.com\/forms\/d\/e\/1FAIpQLSddcbSehkaYcQVPW2wjrYxARUI6NNGYUdWHcn5VNk5UZoS-dg\/viewform\">https:\/\/docs.google.com\/forms\/d\/e\/1FAIpQLSddcbSehkaYcQVPW2wjrYxARUI6NNGYUdWHcn5VNk5UZoS-dg\/viewform<\/a><br>Para m\u00e1s informaci\u00f3n comun\u00edcate y\/o acercate al Vera de 8 hs a 22 hs.<\/p>\n","protected":false},"excerpt":{"rendered":"<p>\u00bfQuer\u00e9s estudiar pero ten\u00e9s el secundario incompleto? Preinscripciones 2026 https:\/\/docs.google.com\/forms\/d\/e\/1FAIpQLSddcbSehkaYcQVPW2wjrYxARUI6NNGYUdWHcn5VNk5UZoS-dg\/viewformPara m\u00e1s informaci\u00f3n comun\u00edcate y\/o acercate al Vera de 8 hs a 22 hs.<\/p>\n","protected":false},"author":2717,"featured_media":0,"parent":0,"menu_order":0,"comment_status":"closed","ping_status":"closed","template":"","meta":[],"acf":[],"_links":{"self":[{"href":"https:\/\/ies9010-infd.mendoza.edu.ar\/sitio\/wp-json\/wp\/v2\/pages\/2316"}],"collection":[{"href":"https:\/\/ies9010-infd.mendoza.edu.ar\/sitio\/wp-json\/wp\/v2\/pages"}],"about":[{"href":"https:\/\/ies9010-infd.mendoza.edu.ar\/sitio\/wp-json\/wp\/v2\/types\/page"}],"author":[{"embeddable":true,"href":"https:\/\/ies9010-infd.mendoza.edu.ar\/sitio\/wp-json\/wp\/v2\/users\/2717"}],"replies":[{"embeddable":true,"href":"https:\/\/ies9010-infd.mendoza.edu.ar\/sitio\/wp-json\/wp\/v2\/comments?post=2316"}],"version-history":[{"count":11,"href":"https:\/\/ies9010-infd.mendoza.edu.ar\/sitio\/wp-json\/wp\/v2\/pages\/2316\/revisions"}],"predecessor-version":[{"id":4306,"href":"https:\/\/ies9010-infd.mendoza.edu.ar\/sitio\/wp-json\/wp\/v2\/pages\/2316\/revisions\/4306"}],"wp:attachment":[{"href":"https:\/\/ies9010-infd.mendoza.edu.ar\/sitio\/wp-json\/wp\/v2\/media?parent=2316"}],"curies":[{"name":"wp","href":"https:\/\/api.w.org\/{rel}","templated":true}]}}