{"id":2375,"date":"2024-09-17T16:28:55","date_gmt":"2024-09-17T19:28:55","guid":{"rendered":"https:\/\/ies9010-infd.mendoza.edu.ar\/sitio\/?page_id=2375"},"modified":"2024-12-13T17:59:49","modified_gmt":"2024-12-13T20:59:49","slug":"estudiantes","status":"publish","type":"page","link":"https:\/\/ies9010-infd.mendoza.edu.ar\/sitio\/estudiantes\/","title":{"rendered":"ESTUDIAR EN EL VERA"},"content":{"rendered":"\n<div class=\"wp-block-columns is-layout-flex wp-container-2\">\n<div class=\"wp-block-column is-layout-flow\">\n<figure class=\"wp-block-image size-large\"><img decoding=\"async\" loading=\"lazy\" width=\"1900\" height=\"475\" src=\"https:\/\/ies9010-infd.mendoza.edu.ar\/sitio\/wp-content\/uploads\/2024\/11\/Estudiar-en-el-Vera-1900x475.png\" alt=\"\" class=\"wp-image-3255\" srcset=\"https:\/\/ies9010-infd.mendoza.edu.ar\/sitio\/wp-content\/uploads\/2024\/11\/Estudiar-en-el-Vera-1900x475.png 1900w, https:\/\/ies9010-infd.mendoza.edu.ar\/sitio\/wp-content\/uploads\/2024\/11\/Estudiar-en-el-Vera-1000x250.png 1000w, https:\/\/ies9010-infd.mendoza.edu.ar\/sitio\/wp-content\/uploads\/2024\/11\/Estudiar-en-el-Vera-768x192.png 768w, https:\/\/ies9010-infd.mendoza.edu.ar\/sitio\/wp-content\/uploads\/2024\/11\/Estudiar-en-el-Vera-1536x384.png 1536w, https:\/\/ies9010-infd.mendoza.edu.ar\/sitio\/wp-content\/uploads\/2024\/11\/Estudiar-en-el-Vera.png 1920w\" sizes=\"(max-width: 1900px) 100vw, 1900px\" \/><\/figure>\n<\/div>\n<\/div>\n\n\n\n<p>Para nuestros estudiantes:<\/p>\n\n\n\n<p> Que han decidido recorrer un camino lleno de posibilidades y aprendizaje, y aqu\u00ed, en nuestro Instituto, no lo est\u00e1n haciendo solos. Cada uno de ustedes ha elegido una carrera que no solo tiene el poder de transformar su vida, sino tambi\u00e9n de impactar positivamente en su comunidad, ya sea desde el compromiso de formar futuras generaciones como docentes o desde la innovaci\u00f3n y la t\u00e9cnica que impulsan el progreso.<\/p>\n\n\n\n<p>En este trayecto, cuentan con el acompa\u00f1amiento cercano y comprometido de nuestros docentes. Ellos no solo son gu\u00edas en el aprendizaje acad\u00e9mico, sino tambi\u00e9n mentores que los inspiran y los apoyan a superar cada desaf\u00edo. Est\u00e1n aqu\u00ed para alentarlos, escucharlos y ayudarlos a construir el futuro que desean, trabajando junto a ustedes con pasi\u00f3n y dedicaci\u00f3n.<\/p>\n\n\n\n<p>Nuestro Instituto se enorgullece de formar no solo profesionales competentes, sino tambi\u00e9n personas \u00edntegras. En cada aula y en cada actividad promovemos valores fundamentales como el respeto, la solidaridad, la responsabilidad y el trabajo en equipo. Estos valores son el coraz\u00f3n de nuestra comunidad educativa y les permitir\u00e1n no solo alcanzar sus metas, sino tambi\u00e9n ser l\u00edderes \u00e9ticos y conscientes en un mundo que necesita de su compromiso.<\/p>\n\n\n\n<p>Recuerden que cada esfuerzo que hacen, cada obst\u00e1culo que superan y cada logro, por peque\u00f1o que sea, son pasos que los acercan a sus sue\u00f1os. Permitan que los valores que cultivamos aqu\u00ed gu\u00eden sus decisiones, y conf\u00eden en el respaldo constante de quienes los acompa\u00f1amos en esta traves\u00eda.<\/p>\n\n\n\n<p>El mundo necesita profesionales apasionados, creativos y con principios s\u00f3lidos como ustedes. Avancen con determinaci\u00f3n, porque con esfuerzo, acompa\u00f1amiento y los valores que aqu\u00ed compartimos, no hay l\u00edmites para lo que pueden lograr.<\/p>\n\n\n\n<p>Pol\u00edticas digitales.<\/p>\n","protected":false},"excerpt":{"rendered":"<p>Para nuestros estudiantes: Que han decidido recorrer un camino lleno de posibilidades y aprendizaje, y aqu\u00ed, en nuestro Instituto, no lo est\u00e1n haciendo solos. Cada uno de ustedes ha elegido una carrera que no solo tiene el poder de transformar su vida, sino tambi\u00e9n de impactar positivamente en su comunidad, ya sea desde el compromiso &#8230; <a title=\"ESTUDIAR EN EL VERA\" class=\"read-more\" href=\"https:\/\/ies9010-infd.mendoza.edu.ar\/sitio\/estudiantes\/\" aria-label=\"More on ESTUDIAR EN EL VERA\">[+]<\/a><\/p>\n","protected":false},"author":2717,"featured_media":0,"parent":0,"menu_order":0,"comment_status":"closed","ping_status":"closed","template":"","meta":[],"acf":[],"_links":{"self":[{"href":"https:\/\/ies9010-infd.mendoza.edu.ar\/sitio\/wp-json\/wp\/v2\/pages\/2375"}],"collection":[{"href":"https:\/\/ies9010-infd.mendoza.edu.ar\/sitio\/wp-json\/wp\/v2\/pages"}],"about":[{"href":"https:\/\/ies9010-infd.mendoza.edu.ar\/sitio\/wp-json\/wp\/v2\/types\/page"}],"author":[{"embeddable":true,"href":"https:\/\/ies9010-infd.mendoza.edu.ar\/sitio\/wp-json\/wp\/v2\/users\/2717"}],"replies":[{"embeddable":true,"href":"https:\/\/ies9010-infd.mendoza.edu.ar\/sitio\/wp-json\/wp\/v2\/comments?post=2375"}],"version-history":[{"count":33,"href":"https:\/\/ies9010-infd.mendoza.edu.ar\/sitio\/wp-json\/wp\/v2\/pages\/2375\/revisions"}],"predecessor-version":[{"id":3369,"href":"https:\/\/ies9010-infd.mendoza.edu.ar\/sitio\/wp-json\/wp\/v2\/pages\/2375\/revisions\/3369"}],"wp:attachment":[{"href":"https:\/\/ies9010-infd.mendoza.edu.ar\/sitio\/wp-json\/wp\/v2\/media?parent=2375"}],"curies":[{"name":"wp","href":"https:\/\/api.w.org\/{rel}","templated":true}]}}