{"id":2385,"date":"2024-09-17T17:00:23","date_gmt":"2024-09-17T20:00:23","guid":{"rendered":"https:\/\/ies9010-infd.mendoza.edu.ar\/sitio\/?page_id=2385"},"modified":"2024-11-20T17:57:51","modified_gmt":"2024-11-20T20:57:51","slug":"institucional","status":"publish","type":"page","link":"https:\/\/ies9010-infd.mendoza.edu.ar\/sitio\/institucional\/","title":{"rendered":"SOBRE EL VERA"},"content":{"rendered":"\n<div class=\"alignfull\"><div id=\"metaslider-id-3112\" style=\"width: 100%;\" class=\"ml-slider-3-33-0 metaslider metaslider-flex metaslider-3112 ml-slider ms-theme-default\" role=\"region\" aria-roledescription=\"Slideshow\" aria-label=\"Slideshow\">\n    <div id=\"metaslider_container_3112\">\n        <div id=\"metaslider_3112\" class=\"flexslider\">\n            <ul aria-live=\"polite\" class=\"slides\">\n                <li style=\"display: block; width: 100%;\" class=\"slide-3116 ms-image\" aria-roledescription=\"slide\" aria-label=\"slide-3116\"><img src=\"https:\/\/ies9010-infd.mendoza.edu.ar\/sitio\/wp-content\/uploads\/2024\/11\/f3.png\" height=\"600\" width=\"2000\" alt=\"\" class=\"slider-3112 slide-3116\" title=\"f3\" \/><\/li>\n                <li style=\"display: none; width: 100%;\" class=\"slide-3117 ms-image\" aria-roledescription=\"slide\" aria-label=\"slide-3117\"><img src=\"https:\/\/ies9010-infd.mendoza.edu.ar\/sitio\/wp-content\/uploads\/2024\/11\/f2.png\" height=\"600\" width=\"2000\" alt=\"\" class=\"slider-3112 slide-3117\" title=\"f2\" \/><\/li>\n                <li style=\"display: none; width: 100%;\" class=\"slide-3118 ms-image\" aria-roledescription=\"slide\" aria-label=\"slide-3118\"><img src=\"https:\/\/ies9010-infd.mendoza.edu.ar\/sitio\/wp-content\/uploads\/2024\/11\/1-frente.png\" height=\"600\" width=\"2000\" alt=\"\" class=\"slider-3112 slide-3118\" title=\"1 frente\" \/><\/li>\n            <\/ul>\n        <\/div>\n        \n    <\/div>\n<\/div><\/div>\n\n\n\n<h6 class=\"wp-block-heading has-text-align-center\">El Instituto de Educaci\u00f3n Superior 9010 \u00abRosario Vera Pe\u00f1aloza\u00bb se constituye como una instituci\u00f3n clave para la formaci\u00f3n acad\u00e9mica y profesional en Eugenio Bustos, San Carlos, Mendoza. Su misi\u00f3n se centra en brindar una educaci\u00f3n de calidad que no solo abarca la capacitaci\u00f3n en docencia, sino que tambi\u00e9n se extiende a la formaci\u00f3n en diversas carreras t\u00e9cnicas, respondiendo as\u00ed a las necesidades del contexto local y regional. Con una oferta educativa amplia y alineada con las demandas del entorno, el IES 9010 se compromete a preparar profesionales competentes y responsables, capaces de enfrentar los desaf\u00edos actuales del \u00e1mbito laboral y contribuir activamente al desarrollo de la comunidad.<br>El instituto se destaca por ofrecer un enfoque formativo integral que, adem\u00e1s de los saberes t\u00e9cnicos y pedag\u00f3gicos, promueve valores como el compromiso, la \u00e9tica profesional y la innovaci\u00f3n. As\u00ed, el IES 9010 \u00abRosario Vera Pe\u00f1aloza\u00bb busca consolidarse como un pilar en la construcci\u00f3n de una educaci\u00f3n superior inclusiva, accesible y relevante para quienes desean proyectar su futuro en el campo de la ense\u00f1anza y en otras \u00e1reas t\u00e9cnicas de creciente demanda.<\/h6>\n","protected":false},"excerpt":{"rendered":"<p>El Instituto de Educaci\u00f3n Superior 9010 \u00abRosario Vera Pe\u00f1aloza\u00bb se constituye como una instituci\u00f3n clave para la formaci\u00f3n acad\u00e9mica y profesional en Eugenio Bustos, San Carlos, Mendoza. Su misi\u00f3n se centra en brindar una educaci\u00f3n de calidad que no solo abarca la capacitaci\u00f3n en docencia, sino que tambi\u00e9n se extiende a la formaci\u00f3n en diversas &#8230; <a title=\"SOBRE EL VERA\" class=\"read-more\" href=\"https:\/\/ies9010-infd.mendoza.edu.ar\/sitio\/institucional\/\" aria-label=\"More on SOBRE EL VERA\">[+]<\/a><\/p>\n","protected":false},"author":2717,"featured_media":0,"parent":0,"menu_order":0,"comment_status":"closed","ping_status":"closed","template":"","meta":[],"acf":[],"_links":{"self":[{"href":"https:\/\/ies9010-infd.mendoza.edu.ar\/sitio\/wp-json\/wp\/v2\/pages\/2385"}],"collection":[{"href":"https:\/\/ies9010-infd.mendoza.edu.ar\/sitio\/wp-json\/wp\/v2\/pages"}],"about":[{"href":"https:\/\/ies9010-infd.mendoza.edu.ar\/sitio\/wp-json\/wp\/v2\/types\/page"}],"author":[{"embeddable":true,"href":"https:\/\/ies9010-infd.mendoza.edu.ar\/sitio\/wp-json\/wp\/v2\/users\/2717"}],"replies":[{"embeddable":true,"href":"https:\/\/ies9010-infd.mendoza.edu.ar\/sitio\/wp-json\/wp\/v2\/comments?post=2385"}],"version-history":[{"count":8,"href":"https:\/\/ies9010-infd.mendoza.edu.ar\/sitio\/wp-json\/wp\/v2\/pages\/2385\/revisions"}],"predecessor-version":[{"id":3234,"href":"https:\/\/ies9010-infd.mendoza.edu.ar\/sitio\/wp-json\/wp\/v2\/pages\/2385\/revisions\/3234"}],"wp:attachment":[{"href":"https:\/\/ies9010-infd.mendoza.edu.ar\/sitio\/wp-json\/wp\/v2\/media?parent=2385"}],"curies":[{"name":"wp","href":"https:\/\/api.w.org\/{rel}","templated":true}]}}