{"id":3161,"date":"2024-11-15T14:27:49","date_gmt":"2024-11-15T17:27:49","guid":{"rendered":"https:\/\/ies9010-infd.mendoza.edu.ar\/sitio\/?page_id=3161"},"modified":"2026-03-19T17:33:28","modified_gmt":"2026-03-19T20:33:28","slug":"normativas","status":"publish","type":"page","link":"https:\/\/ies9010-infd.mendoza.edu.ar\/sitio\/normativas\/","title":{"rendered":"Normativas"},"content":{"rendered":"\n<p>Este apartado est\u00e1 dise\u00f1ado para proporcionar a los docentes del nivel superior toda la informaci\u00f3n relevante sobre normativas, reglamentos y lineamientos que rigen su actividad acad\u00e9mica y administrativa. Aqu\u00ed encontrar\u00e1s documentos actualizados, procedimientos, y gu\u00edas esenciales para el desarrollo de tus funciones, asegurando el cumplimiento de las mejores pr\u00e1cticas educativas y de las disposiciones institucionales.<\/p>\n\n\n\n<figure class=\"wp-block-image size-large\"><img decoding=\"async\" loading=\"lazy\" width=\"1900\" height=\"190\" src=\"https:\/\/ies9010-infd.mendoza.edu.ar\/sitio\/wp-content\/uploads\/2026\/03\/secretaria9010-1-1900x190.png\" alt=\"\" class=\"wp-image-4678\" srcset=\"https:\/\/ies9010-infd.mendoza.edu.ar\/sitio\/wp-content\/uploads\/2026\/03\/secretaria9010-1-1900x190.png 1900w, https:\/\/ies9010-infd.mendoza.edu.ar\/sitio\/wp-content\/uploads\/2026\/03\/secretaria9010-1-1000x100.png 1000w, https:\/\/ies9010-infd.mendoza.edu.ar\/sitio\/wp-content\/uploads\/2026\/03\/secretaria9010-1-768x77.png 768w, https:\/\/ies9010-infd.mendoza.edu.ar\/sitio\/wp-content\/uploads\/2026\/03\/secretaria9010-1-1536x154.png 1536w, https:\/\/ies9010-infd.mendoza.edu.ar\/sitio\/wp-content\/uploads\/2026\/03\/secretaria9010-1.png 2000w\" sizes=\"(max-width: 1900px) 100vw, 1900px\" \/><\/figure>\n\n\n\n<div class=\"wp-block-columns is-layout-flex wp-container-3\">\n<div class=\"wp-block-column is-layout-flow\">\n<div class=\"wp-block-file\"><object class=\"wp-block-file__embed\" data=\"https:\/\/ies9010-infd.mendoza.edu.ar\/sitio\/wp-content\/uploads\/2026\/03\/RS-2024-08597586-GDEMZA-CGESDGE-Resol.-312-24-Regimen-Academico-Institucional-RAI-Instituto-de-Educacion-Superior-9-010.pdf\" type=\"application\/pdf\" style=\"width:100%;height:600px\" aria-label=\"Incrustado de RS-2024-08597586-GDEMZA-CGESDGE-Resol.-312-24-Regimen-Academico-Institucional-RAI-Instituto-de-Educacion-Superior-9-010.\"><\/object><a id=\"wp-block-file--media-1739d51d-10d5-4f99-adfa-e67559309969\" href=\"https:\/\/ies9010-infd.mendoza.edu.ar\/sitio\/wp-content\/uploads\/2026\/03\/RS-2024-08597586-GDEMZA-CGESDGE-Resol.-312-24-Regimen-Academico-Institucional-RAI-Instituto-de-Educacion-Superior-9-010.pdf\">RS-2024-08597586-GDEMZA-CGESDGE-Resol.-312-24-Regimen-Academico-Institucional-RAI-Instituto-de-Educacion-Superior-9-010<\/a><a href=\"https:\/\/ies9010-infd.mendoza.edu.ar\/sitio\/wp-content\/uploads\/2026\/03\/RS-2024-08597586-GDEMZA-CGESDGE-Resol.-312-24-Regimen-Academico-Institucional-RAI-Instituto-de-Educacion-Superior-9-010.pdf\" class=\"wp-block-file__button wp-element-button\" download aria-describedby=\"wp-block-file--media-1739d51d-10d5-4f99-adfa-e67559309969\">Descarga<\/a><\/div>\n<\/div>\n\n\n\n<div class=\"wp-block-column is-layout-flow\">\n<div class=\"wp-block-file\"><object class=\"wp-block-file__embed\" data=\"https:\/\/ies9010-infd.mendoza.edu.ar\/sitio\/wp-content\/uploads\/2026\/03\/ANEXO-RAI-IES-N\u00b0-9-010.pdf\" type=\"application\/pdf\" style=\"width:100%;height:600px\" aria-label=\"Incrustado de ANEXO-RAI-IES-N\u00b0-9-010.\"><\/object><a id=\"wp-block-file--media-cfb82106-5e71-436e-b230-e489d478ed60\" href=\"https:\/\/ies9010-infd.mendoza.edu.ar\/sitio\/wp-content\/uploads\/2026\/03\/ANEXO-RAI-IES-N\u00b0-9-010.pdf\">ANEXO-RAI-IES-N\u00b0-9-010<\/a><a href=\"https:\/\/ies9010-infd.mendoza.edu.ar\/sitio\/wp-content\/uploads\/2026\/03\/ANEXO-RAI-IES-N\u00b0-9-010.pdf\" class=\"wp-block-file__button wp-element-button\" download aria-describedby=\"wp-block-file--media-cfb82106-5e71-436e-b230-e489d478ed60\">Descarga<\/a><\/div>\n<\/div>\n<\/div>\n\n\n\n<figure class=\"wp-block-image size-large\"><a href=\"https:\/\/drive.google.com\/file\/d\/1mrW6PZCGvxmJoBqXU5bG9EymBVewuM_8\/view?usp=sharing\" target=\"_blank\" rel=\"noreferrer noopener\"><img decoding=\"async\" loading=\"lazy\" width=\"1900\" height=\"475\" src=\"https:\/\/ies9010-infd.mendoza.edu.ar\/sitio\/wp-content\/uploads\/2024\/10\/RAM-1900x475.png\" alt=\"\" class=\"wp-image-2688\" srcset=\"https:\/\/ies9010-infd.mendoza.edu.ar\/sitio\/wp-content\/uploads\/2024\/10\/RAM-1900x475.png 1900w, https:\/\/ies9010-infd.mendoza.edu.ar\/sitio\/wp-content\/uploads\/2024\/10\/RAM-1000x250.png 1000w, https:\/\/ies9010-infd.mendoza.edu.ar\/sitio\/wp-content\/uploads\/2024\/10\/RAM-768x192.png 768w, https:\/\/ies9010-infd.mendoza.edu.ar\/sitio\/wp-content\/uploads\/2024\/10\/RAM-1536x384.png 1536w, https:\/\/ies9010-infd.mendoza.edu.ar\/sitio\/wp-content\/uploads\/2024\/10\/RAM.png 1920w\" sizes=\"(max-width: 1900px) 100vw, 1900px\" \/><\/a><\/figure>\n\n\n\n<h5 class=\"wp-block-heading\">Suplencias en el Nivel Superior para el 2025 (publicado el 20\/12\/2024)<\/h5>\n\n\n\n<p>Consulte en el siguiente link: <a href=\"https:\/\/drive.google.com\/file\/d\/11pbURhCnAwWolovgJ_3m_ybD62a12XrD\/view?usp=sharing\" target=\"_blank\" rel=\"noreferrer noopener\">CIRCULAR No 25 &#8211; DESUP &#8211; 2024<\/a><\/p>\n\n\n\n<p><\/p>\n","protected":false},"excerpt":{"rendered":"<p>Este apartado est\u00e1 dise\u00f1ado para proporcionar a los docentes del nivel superior toda la informaci\u00f3n relevante sobre normativas, reglamentos y lineamientos que rigen su actividad acad\u00e9mica y administrativa. Aqu\u00ed encontrar\u00e1s documentos actualizados, procedimientos, y gu\u00edas esenciales para el desarrollo de tus funciones, asegurando el cumplimiento de las mejores pr\u00e1cticas educativas y de las disposiciones institucionales. &#8230; <a title=\"Normativas\" class=\"read-more\" href=\"https:\/\/ies9010-infd.mendoza.edu.ar\/sitio\/normativas\/\" aria-label=\"More on Normativas\">[+]<\/a><\/p>\n","protected":false},"author":2717,"featured_media":0,"parent":0,"menu_order":0,"comment_status":"closed","ping_status":"closed","template":"","meta":[],"acf":[],"_links":{"self":[{"href":"https:\/\/ies9010-infd.mendoza.edu.ar\/sitio\/wp-json\/wp\/v2\/pages\/3161"}],"collection":[{"href":"https:\/\/ies9010-infd.mendoza.edu.ar\/sitio\/wp-json\/wp\/v2\/pages"}],"about":[{"href":"https:\/\/ies9010-infd.mendoza.edu.ar\/sitio\/wp-json\/wp\/v2\/types\/page"}],"author":[{"embeddable":true,"href":"https:\/\/ies9010-infd.mendoza.edu.ar\/sitio\/wp-json\/wp\/v2\/users\/2717"}],"replies":[{"embeddable":true,"href":"https:\/\/ies9010-infd.mendoza.edu.ar\/sitio\/wp-json\/wp\/v2\/comments?post=3161"}],"version-history":[{"count":6,"href":"https:\/\/ies9010-infd.mendoza.edu.ar\/sitio\/wp-json\/wp\/v2\/pages\/3161\/revisions"}],"predecessor-version":[{"id":4679,"href":"https:\/\/ies9010-infd.mendoza.edu.ar\/sitio\/wp-json\/wp\/v2\/pages\/3161\/revisions\/4679"}],"wp:attachment":[{"href":"https:\/\/ies9010-infd.mendoza.edu.ar\/sitio\/wp-json\/wp\/v2\/media?parent=3161"}],"curies":[{"name":"wp","href":"https:\/\/api.w.org\/{rel}","templated":true}]}}