{"id":3343,"date":"2024-12-12T17:18:03","date_gmt":"2024-12-12T20:18:03","guid":{"rendered":"https:\/\/ies9010-infd.mendoza.edu.ar\/sitio\/?page_id=3343"},"modified":"2026-03-20T15:03:25","modified_gmt":"2026-03-20T18:03:25","slug":"tramites-de-autogestion","status":"publish","type":"page","link":"https:\/\/ies9010-infd.mendoza.edu.ar\/sitio\/tramites-de-autogestion\/","title":{"rendered":"Tr\u00e1mites de autogesti\u00f3n"},"content":{"rendered":"\n<p><strong>Los tr\u00e1mites de autogesti\u00f3n para estudiantes permiten gestionar de manera eficiente diversas solicitudes administrativas vinculadas a la vida acad\u00e9mica en el nivel superior. La instituci\u00f3n ofrece procedimientos tanto virtuales como presenciales, estos \u00faltimos disponibles en la sede administrativa entre las 8:00 y las 22:00 horas. Este sistema busca agilizar los procesos, fortalecer la organizaci\u00f3n institucional y promover la autonom\u00eda estudiantil.<\/strong><\/p>\n\n\n\n<figure class=\"wp-block-image size-large\"><img decoding=\"async\" loading=\"lazy\" width=\"1900\" height=\"190\" src=\"https:\/\/ies9010-infd.mendoza.edu.ar\/sitio\/wp-content\/uploads\/2025\/12\/CRONOGRAMA-VERA-1900x190.png\" alt=\"\" class=\"wp-image-4453\" srcset=\"https:\/\/ies9010-infd.mendoza.edu.ar\/sitio\/wp-content\/uploads\/2025\/12\/CRONOGRAMA-VERA-1900x190.png 1900w, https:\/\/ies9010-infd.mendoza.edu.ar\/sitio\/wp-content\/uploads\/2025\/12\/CRONOGRAMA-VERA-1000x100.png 1000w, https:\/\/ies9010-infd.mendoza.edu.ar\/sitio\/wp-content\/uploads\/2025\/12\/CRONOGRAMA-VERA-768x77.png 768w, https:\/\/ies9010-infd.mendoza.edu.ar\/sitio\/wp-content\/uploads\/2025\/12\/CRONOGRAMA-VERA-1536x154.png 1536w, https:\/\/ies9010-infd.mendoza.edu.ar\/sitio\/wp-content\/uploads\/2025\/12\/CRONOGRAMA-VERA.png 2000w\" sizes=\"(max-width: 1900px) 100vw, 1900px\" \/><\/figure>\n\n\n\n<p><strong>Certificado de alumno regular<\/strong><\/p>\n\n\n\n<p><strong>Solicitud de equivalencias <\/strong><\/p>\n\n\n\n<p><strong>Solicitud de pase a otro Instituto<\/strong><\/p>\n\n\n\n<p><strong>Cancelaci\u00f3n de cooperadora<\/strong> <\/p>\n\n\n\n<figure class=\"wp-block-image size-large\"><img decoding=\"async\" loading=\"lazy\" width=\"1900\" height=\"190\" src=\"https:\/\/ies9010-infd.mendoza.edu.ar\/sitio\/wp-content\/uploads\/2025\/12\/CRONOGRAMA-VERA-1-1900x190.png\" alt=\"\" class=\"wp-image-4455\" srcset=\"https:\/\/ies9010-infd.mendoza.edu.ar\/sitio\/wp-content\/uploads\/2025\/12\/CRONOGRAMA-VERA-1-1900x190.png 1900w, https:\/\/ies9010-infd.mendoza.edu.ar\/sitio\/wp-content\/uploads\/2025\/12\/CRONOGRAMA-VERA-1-1000x100.png 1000w, https:\/\/ies9010-infd.mendoza.edu.ar\/sitio\/wp-content\/uploads\/2025\/12\/CRONOGRAMA-VERA-1-768x77.png 768w, https:\/\/ies9010-infd.mendoza.edu.ar\/sitio\/wp-content\/uploads\/2025\/12\/CRONOGRAMA-VERA-1-1536x154.png 1536w, https:\/\/ies9010-infd.mendoza.edu.ar\/sitio\/wp-content\/uploads\/2025\/12\/CRONOGRAMA-VERA-1.png 2000w\" sizes=\"(max-width: 1900px) 100vw, 1900px\" \/><\/figure>\n\n\n\n<div class=\"wp-block-columns is-layout-flex wp-container-3\">\n<div class=\"wp-block-column is-layout-flow\">\n<figure class=\"wp-block-image size-full\"><a href=\"https:\/\/sites.google.com\/mendoza.edu.ar\/sitiodeestudiantes2024-ies9-01\/p%C3%A1gina-principal\" target=\"_blank\" rel=\"noreferrer noopener\"><img decoding=\"async\" loading=\"lazy\" width=\"1600\" height=\"480\" src=\"https:\/\/ies9010-infd.mendoza.edu.ar\/sitio\/wp-content\/uploads\/2025\/07\/planificaciones.jpg\" alt=\"\" class=\"wp-image-3904\" srcset=\"https:\/\/ies9010-infd.mendoza.edu.ar\/sitio\/wp-content\/uploads\/2025\/07\/planificaciones.jpg 1600w, https:\/\/ies9010-infd.mendoza.edu.ar\/sitio\/wp-content\/uploads\/2025\/07\/planificaciones-1000x300.jpg 1000w, https:\/\/ies9010-infd.mendoza.edu.ar\/sitio\/wp-content\/uploads\/2025\/07\/planificaciones-768x230.jpg 768w, https:\/\/ies9010-infd.mendoza.edu.ar\/sitio\/wp-content\/uploads\/2025\/07\/planificaciones-1536x461.jpg 1536w\" sizes=\"(max-width: 1600px) 100vw, 1600px\" \/><\/a><\/figure>\n<\/div>\n\n\n\n<div class=\"wp-block-column is-layout-flow\">\n<figure class=\"wp-block-image size-full\"><a href=\"https:\/\/dti.mendoza.edu.ar\/superior\/\" target=\"_blank\" rel=\"noreferrer noopener\"><img decoding=\"async\" loading=\"lazy\" width=\"1600\" height=\"480\" src=\"https:\/\/ies9010-infd.mendoza.edu.ar\/sitio\/wp-content\/uploads\/2025\/07\/des.jpg\" alt=\"\" class=\"wp-image-3905\" srcset=\"https:\/\/ies9010-infd.mendoza.edu.ar\/sitio\/wp-content\/uploads\/2025\/07\/des.jpg 1600w, https:\/\/ies9010-infd.mendoza.edu.ar\/sitio\/wp-content\/uploads\/2025\/07\/des-1000x300.jpg 1000w, https:\/\/ies9010-infd.mendoza.edu.ar\/sitio\/wp-content\/uploads\/2025\/07\/des-768x230.jpg 768w, https:\/\/ies9010-infd.mendoza.edu.ar\/sitio\/wp-content\/uploads\/2025\/07\/des-1536x461.jpg 1536w\" sizes=\"(max-width: 1600px) 100vw, 1600px\" \/><\/a><\/figure>\n<\/div>\n<\/div>\n\n\n\n<hr class=\"wp-block-separator has-alpha-channel-opacity\"\/>\n\n\n\n<div class=\"wp-block-columns is-layout-flex wp-container-6\">\n<div class=\"wp-block-column is-layout-flow\">\n<figure class=\"wp-block-image size-full\"><a href=\"https:\/\/docs.google.com\/forms\/d\/e\/1FAIpQLSfP0qyy0Apg8AQujmx1mAgMLQXAg8DLNlMaQUN92yTs2LCtIw\/viewform\" target=\"_blank\" rel=\"noreferrer noopener\"><img decoding=\"async\" loading=\"lazy\" width=\"1600\" height=\"479\" src=\"https:\/\/ies9010-infd.mendoza.edu.ar\/sitio\/wp-content\/uploads\/2025\/07\/vias-y-medios.jpg\" alt=\"\" class=\"wp-image-3908\" srcset=\"https:\/\/ies9010-infd.mendoza.edu.ar\/sitio\/wp-content\/uploads\/2025\/07\/vias-y-medios.jpg 1600w, https:\/\/ies9010-infd.mendoza.edu.ar\/sitio\/wp-content\/uploads\/2025\/07\/vias-y-medios-1000x299.jpg 1000w, https:\/\/ies9010-infd.mendoza.edu.ar\/sitio\/wp-content\/uploads\/2025\/07\/vias-y-medios-768x230.jpg 768w, https:\/\/ies9010-infd.mendoza.edu.ar\/sitio\/wp-content\/uploads\/2025\/07\/vias-y-medios-1536x460.jpg 1536w\" sizes=\"(max-width: 1600px) 100vw, 1600px\" \/><\/a><\/figure>\n<\/div>\n\n\n\n<div class=\"wp-block-column is-layout-flow\">\n<figure class=\"wp-block-image size-full\"><a href=\"https:\/\/ies9010-infd.mendoza.edu.ar\/sitio\/becas-progresar\/\" target=\"_blank\" rel=\"noreferrer noopener\"><img decoding=\"async\" loading=\"lazy\" width=\"1600\" height=\"480\" src=\"https:\/\/ies9010-infd.mendoza.edu.ar\/sitio\/wp-content\/uploads\/2025\/07\/Progresar.jpg\" alt=\"\" class=\"wp-image-3917\" srcset=\"https:\/\/ies9010-infd.mendoza.edu.ar\/sitio\/wp-content\/uploads\/2025\/07\/Progresar.jpg 1600w, https:\/\/ies9010-infd.mendoza.edu.ar\/sitio\/wp-content\/uploads\/2025\/07\/Progresar-1000x300.jpg 1000w, https:\/\/ies9010-infd.mendoza.edu.ar\/sitio\/wp-content\/uploads\/2025\/07\/Progresar-768x230.jpg 768w, https:\/\/ies9010-infd.mendoza.edu.ar\/sitio\/wp-content\/uploads\/2025\/07\/Progresar-1536x461.jpg 1536w\" sizes=\"(max-width: 1600px) 100vw, 1600px\" \/><\/a><\/figure>\n<\/div>\n<\/div>\n\n\n\n<div class=\"wp-block-columns is-layout-flex wp-container-9\">\n<div class=\"wp-block-column is-layout-flow\">\n<figure class=\"wp-block-image size-large\"><a href=\"https:\/\/forms.gle\/eYNQoGXureW8AaAy9\" target=\"_blank\" rel=\"noreferrer noopener\"><img decoding=\"async\" loading=\"lazy\" width=\"1900\" height=\"570\" src=\"https:\/\/ies9010-infd.mendoza.edu.ar\/sitio\/wp-content\/uploads\/2026\/03\/Formulario-para-obtencion-del-titulo-yo-diploma-de-finalizacion-de-estudios-1900x570.png\" alt=\"\" class=\"wp-image-4650\" srcset=\"https:\/\/ies9010-infd.mendoza.edu.ar\/sitio\/wp-content\/uploads\/2026\/03\/Formulario-para-obtencion-del-titulo-yo-diploma-de-finalizacion-de-estudios-1900x570.png 1900w, https:\/\/ies9010-infd.mendoza.edu.ar\/sitio\/wp-content\/uploads\/2026\/03\/Formulario-para-obtencion-del-titulo-yo-diploma-de-finalizacion-de-estudios-1000x300.png 1000w, https:\/\/ies9010-infd.mendoza.edu.ar\/sitio\/wp-content\/uploads\/2026\/03\/Formulario-para-obtencion-del-titulo-yo-diploma-de-finalizacion-de-estudios-768x230.png 768w, https:\/\/ies9010-infd.mendoza.edu.ar\/sitio\/wp-content\/uploads\/2026\/03\/Formulario-para-obtencion-del-titulo-yo-diploma-de-finalizacion-de-estudios-1536x461.png 1536w, https:\/\/ies9010-infd.mendoza.edu.ar\/sitio\/wp-content\/uploads\/2026\/03\/Formulario-para-obtencion-del-titulo-yo-diploma-de-finalizacion-de-estudios.png 2000w\" sizes=\"(max-width: 1900px) 100vw, 1900px\" \/><\/a><\/figure>\n<\/div>\n\n\n\n<div class=\"wp-block-column is-layout-flow\">\n<figure class=\"wp-block-image size-large\"><a href=\"https:\/\/docs.google.com\/forms\/d\/e\/1FAIpQLSf_zHEOSDvHN5nVpaWQGeM-TgtLkhvZ1Vr60YB15XuDH6CUmw\/viewform\" target=\"_blank\" rel=\"noreferrer noopener\"><img decoding=\"async\" loading=\"lazy\" width=\"1900\" height=\"570\" src=\"https:\/\/ies9010-infd.mendoza.edu.ar\/sitio\/wp-content\/uploads\/2026\/03\/incompleto-1-1900x570.png\" alt=\"\" class=\"wp-image-4655\" srcset=\"https:\/\/ies9010-infd.mendoza.edu.ar\/sitio\/wp-content\/uploads\/2026\/03\/incompleto-1-1900x570.png 1900w, https:\/\/ies9010-infd.mendoza.edu.ar\/sitio\/wp-content\/uploads\/2026\/03\/incompleto-1-1000x300.png 1000w, https:\/\/ies9010-infd.mendoza.edu.ar\/sitio\/wp-content\/uploads\/2026\/03\/incompleto-1-768x230.png 768w, https:\/\/ies9010-infd.mendoza.edu.ar\/sitio\/wp-content\/uploads\/2026\/03\/incompleto-1-1536x461.png 1536w, https:\/\/ies9010-infd.mendoza.edu.ar\/sitio\/wp-content\/uploads\/2026\/03\/incompleto-1.png 2000w\" sizes=\"(max-width: 1900px) 100vw, 1900px\" \/><\/a><\/figure>\n<\/div>\n<\/div>\n\n\n\n<figure class=\"wp-block-image size-large\"><img decoding=\"async\" loading=\"lazy\" width=\"1900\" height=\"190\" src=\"https:\/\/ies9010-infd.mendoza.edu.ar\/sitio\/wp-content\/uploads\/2026\/03\/secretaria9010-1900x190.png\" alt=\"\" class=\"wp-image-4660\" srcset=\"https:\/\/ies9010-infd.mendoza.edu.ar\/sitio\/wp-content\/uploads\/2026\/03\/secretaria9010-1900x190.png 1900w, https:\/\/ies9010-infd.mendoza.edu.ar\/sitio\/wp-content\/uploads\/2026\/03\/secretaria9010-1000x100.png 1000w, https:\/\/ies9010-infd.mendoza.edu.ar\/sitio\/wp-content\/uploads\/2026\/03\/secretaria9010-768x77.png 768w, https:\/\/ies9010-infd.mendoza.edu.ar\/sitio\/wp-content\/uploads\/2026\/03\/secretaria9010-1536x154.png 1536w, https:\/\/ies9010-infd.mendoza.edu.ar\/sitio\/wp-content\/uploads\/2026\/03\/secretaria9010.png 2000w\" sizes=\"(max-width: 1900px) 100vw, 1900px\" \/><\/figure>\n\n\n\n<figure class=\"wp-block-image size-large is-resized\"><img decoding=\"async\" loading=\"lazy\" src=\"https:\/\/ies9010-infd.mendoza.edu.ar\/sitio\/wp-content\/uploads\/2025\/10\/CRONOGRAMA-VERA-1900x190.png\" alt=\"\" class=\"wp-image-4235\" width=\"1022\" height=\"102\" srcset=\"https:\/\/ies9010-infd.mendoza.edu.ar\/sitio\/wp-content\/uploads\/2025\/10\/CRONOGRAMA-VERA-1900x190.png 1900w, https:\/\/ies9010-infd.mendoza.edu.ar\/sitio\/wp-content\/uploads\/2025\/10\/CRONOGRAMA-VERA-1000x100.png 1000w, https:\/\/ies9010-infd.mendoza.edu.ar\/sitio\/wp-content\/uploads\/2025\/10\/CRONOGRAMA-VERA-768x77.png 768w, https:\/\/ies9010-infd.mendoza.edu.ar\/sitio\/wp-content\/uploads\/2025\/10\/CRONOGRAMA-VERA-1536x154.png 1536w, https:\/\/ies9010-infd.mendoza.edu.ar\/sitio\/wp-content\/uploads\/2025\/10\/CRONOGRAMA-VERA.png 2000w\" sizes=\"(max-width: 1022px) 100vw, 1022px\" \/><\/figure>\n\n\n\n<p>Ingrese al link para consultas sobre las mesas de ex\u00e1menes Febrero &#8211; Marzo 2026<\/p>\n\n\n\n<p><a href=\"https:\/\/docs.google.com\/spreadsheets\/d\/1p2mn9lwHLRYJdonHVeNJ7GLWH9PJDLtO\/edit?usp=sharing&amp;ouid=113967501490057788532&amp;rtpof=true&amp;sd=true\">https:\/\/docs.google.com\/spreadsheets\/d\/1p2mn9lwHLRYJdonHVeNJ7GLWH9PJDLtO\/edit?usp=sharing&amp;ouid=113967501490057788532&amp;rtpof=true&amp;sd=true<\/a><\/p>\n\n\n\n<div class=\"wp-block-file\"><a id=\"wp-block-file--media-7824495f-ccdf-492b-b9ee-c78cd6192d99\" href=\"https:\/\/ies9010-infd.mendoza.edu.ar\/sitio\/wp-content\/uploads\/2025\/12\/Mesas-Febrero-Marzo-2026.pdf.xlsx\">Mesas-Febrero-Marzo-2026.pdf<\/a><a href=\"https:\/\/ies9010-infd.mendoza.edu.ar\/sitio\/wp-content\/uploads\/2025\/12\/Mesas-Febrero-Marzo-2026.pdf.xlsx\" class=\"wp-block-file__button wp-element-button\" download aria-describedby=\"wp-block-file--media-7824495f-ccdf-492b-b9ee-c78cd6192d99\">Descarga<\/a><\/div>\n\n\n\n<hr class=\"wp-block-separator has-alpha-channel-opacity\"\/>\n\n\n\n<figure class=\"wp-block-image size-large\"><img decoding=\"async\" loading=\"lazy\" width=\"1900\" height=\"190\" src=\"https:\/\/ies9010-infd.mendoza.edu.ar\/sitio\/wp-content\/uploads\/2025\/12\/CONSEJO-ACADEMICO-2-1900x190.png\" alt=\"\" class=\"wp-image-4556\" srcset=\"https:\/\/ies9010-infd.mendoza.edu.ar\/sitio\/wp-content\/uploads\/2025\/12\/CONSEJO-ACADEMICO-2-1900x190.png 1900w, https:\/\/ies9010-infd.mendoza.edu.ar\/sitio\/wp-content\/uploads\/2025\/12\/CONSEJO-ACADEMICO-2-1000x100.png 1000w, https:\/\/ies9010-infd.mendoza.edu.ar\/sitio\/wp-content\/uploads\/2025\/12\/CONSEJO-ACADEMICO-2-768x77.png 768w, https:\/\/ies9010-infd.mendoza.edu.ar\/sitio\/wp-content\/uploads\/2025\/12\/CONSEJO-ACADEMICO-2-1536x154.png 1536w, https:\/\/ies9010-infd.mendoza.edu.ar\/sitio\/wp-content\/uploads\/2025\/12\/CONSEJO-ACADEMICO-2.png 2000w\" sizes=\"(max-width: 1900px) 100vw, 1900px\" \/><\/figure>\n\n\n\n<div class=\"wp-block-file\"><object class=\"wp-block-file__embed\" data=\"https:\/\/ies9010-infd.mendoza.edu.ar\/sitio\/wp-content\/uploads\/2025\/12\/Cronograma-2026.docx.pdf\" type=\"application\/pdf\" style=\"width:100%;height:600px\" aria-label=\"Incrustado de Cronograma-2026.docx.\"><\/object><a id=\"wp-block-file--media-12da5a85-58ea-4ccd-950a-e732b7cd15a9\" href=\"https:\/\/ies9010-infd.mendoza.edu.ar\/sitio\/wp-content\/uploads\/2025\/12\/Cronograma-2026.docx.pdf\">Cronograma-2026.docx<\/a><a href=\"https:\/\/ies9010-infd.mendoza.edu.ar\/sitio\/wp-content\/uploads\/2025\/12\/Cronograma-2026.docx.pdf\" class=\"wp-block-file__button wp-element-button\" download aria-describedby=\"wp-block-file--media-12da5a85-58ea-4ccd-950a-e732b7cd15a9\">Descarga<\/a><\/div>\n\n\n\n<hr class=\"wp-block-separator has-alpha-channel-opacity\"\/>\n\n\n\n<h5 class=\"wp-block-heading\">Sistema DES. Tutoriales para estudiantes que ingresan a nuestro Instituto<\/h5>\n\n\n\n<div class=\"wp-block-columns is-layout-flex wp-container-12\">\n<div class=\"wp-block-column is-layout-flow\">\n<figure class=\"wp-block-embed is-type-video is-provider-youtube wp-block-embed-youtube wp-embed-aspect-9-16 wp-has-aspect-ratio\"><div class=\"wp-block-embed__wrapper\">\n<iframe loading=\"lazy\" title=\"\u00bfC\u00f3mo registrarse en el Sistema DES?\" width=\"563\" height=\"1000\" src=\"https:\/\/www.youtube.com\/embed\/18WAIiieaIE?feature=oembed\" frameborder=\"0\" allow=\"accelerometer; autoplay; clipboard-write; encrypted-media; gyroscope; picture-in-picture; web-share\" referrerpolicy=\"strict-origin-when-cross-origin\" allowfullscreen><\/iframe>\n<\/div><\/figure>\n<\/div>\n\n\n\n<div class=\"wp-block-column is-layout-flow\">\n<hr class=\"wp-block-separator has-alpha-channel-opacity\"\/>\n\n\n\n<h5 class=\"wp-block-heading\">Tutorial: Inscripciones a los espacios curriculares para estudiantes de 1\u00b0 a\u00f1o.<\/h5>\n\n\n\n<figure class=\"wp-block-embed is-type-video is-provider-youtube wp-block-embed-youtube wp-embed-aspect-16-9 wp-has-aspect-ratio\"><div class=\"wp-block-embed__wrapper\">\n<iframe loading=\"lazy\" title=\"\u00bfC\u00f3mo inscribirse en los espacios o unidades curriculares del sistema DES?\" width=\"1200\" height=\"675\" src=\"https:\/\/www.youtube.com\/embed\/N08LaHeJPko?feature=oembed\" frameborder=\"0\" allow=\"accelerometer; autoplay; clipboard-write; encrypted-media; gyroscope; picture-in-picture; web-share\" referrerpolicy=\"strict-origin-when-cross-origin\" allowfullscreen><\/iframe>\n<\/div><\/figure>\n\n\n\n<hr class=\"wp-block-separator has-alpha-channel-opacity\"\/>\n\n\n\n<h5 class=\"wp-block-heading\"><strong>Tutorial. Inscripciones a los espacios curriculares de 2\u00b0 a 4\u00b0 a\u00f1o <\/strong><\/h5>\n\n\n\n<figure class=\"wp-block-embed is-type-video is-provider-youtube wp-block-embed-youtube wp-embed-aspect-16-9 wp-has-aspect-ratio\"><div class=\"wp-block-embed__wrapper\">\n<iframe loading=\"lazy\" title=\"inscripciones de 2\u00b0 a 4\u00b0 de las carreras\" width=\"1200\" height=\"675\" src=\"https:\/\/www.youtube.com\/embed\/sQiy3kbFasc?feature=oembed\" frameborder=\"0\" allow=\"accelerometer; autoplay; clipboard-write; encrypted-media; gyroscope; picture-in-picture; web-share\" referrerpolicy=\"strict-origin-when-cross-origin\" allowfullscreen><\/iframe>\n<\/div><\/figure>\n<\/div>\n<\/div>\n\n\n\n<figure class=\"wp-block-image size-large\"><a href=\"https:\/\/ies9010-infd.mendoza.edu.ar\/sitio\/normativas\/\" target=\"_blank\" rel=\"noreferrer noopener\"><img decoding=\"async\" loading=\"lazy\" width=\"1900\" height=\"190\" src=\"https:\/\/ies9010-infd.mendoza.edu.ar\/sitio\/wp-content\/uploads\/2026\/03\/secretaria9010-1-1900x190.png\" alt=\"\" class=\"wp-image-4678\" srcset=\"https:\/\/ies9010-infd.mendoza.edu.ar\/sitio\/wp-content\/uploads\/2026\/03\/secretaria9010-1-1900x190.png 1900w, https:\/\/ies9010-infd.mendoza.edu.ar\/sitio\/wp-content\/uploads\/2026\/03\/secretaria9010-1-1000x100.png 1000w, https:\/\/ies9010-infd.mendoza.edu.ar\/sitio\/wp-content\/uploads\/2026\/03\/secretaria9010-1-768x77.png 768w, https:\/\/ies9010-infd.mendoza.edu.ar\/sitio\/wp-content\/uploads\/2026\/03\/secretaria9010-1-1536x154.png 1536w, https:\/\/ies9010-infd.mendoza.edu.ar\/sitio\/wp-content\/uploads\/2026\/03\/secretaria9010-1.png 2000w\" sizes=\"(max-width: 1900px) 100vw, 1900px\" \/><\/a><\/figure>\n\n\n\n<div class=\"wp-block-columns is-layout-flex wp-container-14\">\n<div class=\"wp-block-column is-layout-flow\">\n<figure class=\"wp-block-image size-large\"><a href=\"https:\/\/drive.google.com\/file\/d\/1BuvXofhpSTiJXragjivEb3zmNW-QOQbZ\/view\" target=\"_blank\" rel=\"noreferrer noopener\"><img decoding=\"async\" loading=\"lazy\" width=\"1900\" height=\"475\" src=\"https:\/\/ies9010-infd.mendoza.edu.ar\/sitio\/wp-content\/uploads\/2024\/10\/Transporte-de-Pasajeros-1900x475.png\" alt=\"\" class=\"wp-image-2943\" srcset=\"https:\/\/ies9010-infd.mendoza.edu.ar\/sitio\/wp-content\/uploads\/2024\/10\/Transporte-de-Pasajeros-1900x475.png 1900w, https:\/\/ies9010-infd.mendoza.edu.ar\/sitio\/wp-content\/uploads\/2024\/10\/Transporte-de-Pasajeros-1000x250.png 1000w, https:\/\/ies9010-infd.mendoza.edu.ar\/sitio\/wp-content\/uploads\/2024\/10\/Transporte-de-Pasajeros-768x192.png 768w, https:\/\/ies9010-infd.mendoza.edu.ar\/sitio\/wp-content\/uploads\/2024\/10\/Transporte-de-Pasajeros-1536x384.png 1536w, https:\/\/ies9010-infd.mendoza.edu.ar\/sitio\/wp-content\/uploads\/2024\/10\/Transporte-de-Pasajeros.png 1920w\" sizes=\"(max-width: 1900px) 100vw, 1900px\" \/><\/a><\/figure>\n<\/div>\n<\/div>\n\n\n<p>CATA INTERNACIONAL \u2013 ATENCI\u00d3N AL CLIENTE 0800-122-2282 O AL 261-30396880<\/p>\n\n\n<hr class=\"wp-block-separator has-alpha-channel-opacity\"\/>\n\n\n\n<h5 class=\"wp-block-heading\">Certificado de Antecedentes Penales( solo para Ingresantes). Para realizar este tr\u00e1mite tienen que poseer acceso a Mi Argentina <\/h5>\n\n\n\n<p><a href=\"https:\/\/www.argentina.gob.ar\/miargentina\">https:\/\/www.argentina.gob.ar\/miargentina<\/a><\/p>\n\n\n\n<hr class=\"wp-block-separator has-alpha-channel-opacity\"\/>\n\n\n\n<p><a href=\"https:\/\/ies9010-infd.mendoza.edu.ar\/sitio\/becas-progresar\/\" target=\"_blank\" rel=\"noreferrer noopener\">PROGRESAR <\/a><\/p>\n\n\n\n<hr class=\"wp-block-separator has-alpha-channel-opacity\"\/>\n\n\n\n<p>Referente de Sistemas: Prof. Esp. Alejandro Valdez <\/p>\n\n\n\n<p>WhatsApp: 2622-535529<\/p>\n\n\n\n<p> E-mail: <a rel=\"noreferrer noopener\" href=\"mailto:alejandro_valdez@elvera9010.edu.ar\" target=\"_blank\">alejandro_valdez@elvera9010.edu.ar<\/a><\/p>\n","protected":false},"excerpt":{"rendered":"<p>Los tr\u00e1mites de autogesti\u00f3n para estudiantes permiten gestionar de manera eficiente diversas solicitudes administrativas vinculadas a la vida acad\u00e9mica en el nivel superior. La instituci\u00f3n ofrece procedimientos tanto virtuales como presenciales, estos \u00faltimos disponibles en la sede administrativa entre las 8:00 y las 22:00 horas. Este sistema busca agilizar los procesos, fortalecer la organizaci\u00f3n institucional &#8230; <a title=\"Tr\u00e1mites de autogesti\u00f3n\" class=\"read-more\" href=\"https:\/\/ies9010-infd.mendoza.edu.ar\/sitio\/tramites-de-autogestion\/\" aria-label=\"More on Tr\u00e1mites de autogesti\u00f3n\">[+]<\/a><\/p>\n","protected":false},"author":2717,"featured_media":0,"parent":0,"menu_order":0,"comment_status":"closed","ping_status":"closed","template":"","meta":[],"acf":[],"_links":{"self":[{"href":"https:\/\/ies9010-infd.mendoza.edu.ar\/sitio\/wp-json\/wp\/v2\/pages\/3343"}],"collection":[{"href":"https:\/\/ies9010-infd.mendoza.edu.ar\/sitio\/wp-json\/wp\/v2\/pages"}],"about":[{"href":"https:\/\/ies9010-infd.mendoza.edu.ar\/sitio\/wp-json\/wp\/v2\/types\/page"}],"author":[{"embeddable":true,"href":"https:\/\/ies9010-infd.mendoza.edu.ar\/sitio\/wp-json\/wp\/v2\/users\/2717"}],"replies":[{"embeddable":true,"href":"https:\/\/ies9010-infd.mendoza.edu.ar\/sitio\/wp-json\/wp\/v2\/comments?post=3343"}],"version-history":[{"count":89,"href":"https:\/\/ies9010-infd.mendoza.edu.ar\/sitio\/wp-json\/wp\/v2\/pages\/3343\/revisions"}],"predecessor-version":[{"id":4692,"href":"https:\/\/ies9010-infd.mendoza.edu.ar\/sitio\/wp-json\/wp\/v2\/pages\/3343\/revisions\/4692"}],"wp:attachment":[{"href":"https:\/\/ies9010-infd.mendoza.edu.ar\/sitio\/wp-json\/wp\/v2\/media?parent=3343"}],"curies":[{"name":"wp","href":"https:\/\/api.w.org\/{rel}","templated":true}]}}