{"id":3509,"date":"2025-02-18T16:19:45","date_gmt":"2025-02-18T19:19:45","guid":{"rendered":"https:\/\/ies9010-infd.mendoza.edu.ar\/sitio\/?page_id=3509"},"modified":"2025-05-05T18:08:50","modified_gmt":"2025-05-05T21:08:50","slug":"ingreso-2025","status":"publish","type":"page","link":"https:\/\/ies9010-infd.mendoza.edu.ar\/sitio\/ingreso-2025\/","title":{"rendered":"Cuarto llamado"},"content":{"rendered":"\n<h5 class=\"wp-block-heading\">\u00bfSab\u00edas que si ten\u00e9s m\u00e1s de 15 materias aprobadas de carreras del Nivel Superior pod\u00e9s acceder a una suplencia?<\/h5>\n\n\n\n<p>Lee con atenci\u00f3n y adelante&#8230;<\/p>\n\n\n\n<p>La&nbsp;<strong>carpeta de antecedentes<\/strong> en el Nivel Secundario es virtual y se integra de diferentes&nbsp;archivos digitales&nbsp;que se van cargando seg\u00fan la normativa vigente. Los escaneos siempre deben hacerse desde la documentaci\u00f3n original, que sean legibles y completos(se recomienda formato PDF).&nbsp;<strong>No se debe hacer escaneos a documentaci\u00f3n con sellos que digan \u00abcopia fiel\u00bb.<\/strong>&nbsp;Cuando se trate de archivos electr\u00f3nicos (que poseen firmas electr\u00f3nicas) o digitales emitidos en ese formato desde su lugar de origen ( como por ejemplo la constancia de Cuil que se descarga de la web de Anses o la de antecedentes penales, etc ) no es necesario que se impriman y le saquen foto, directamente esos archivos digitales se adjuntan en la postulaci\u00f3n sin alterar su formato.<\/p>\n\n\n\n<p>Nota: Utilice aplicaciones como CamScanner o similar para el escaneo de documentos.<\/p>\n\n\n\n<p>Postulaci\u00f3n en la plataforma GEI de un ofrecimiento a suplencia de un cuarto llamado o siguiente se debe adjuntar:<\/p>\n\n\n\n<p><strong>1- DNI&nbsp;<\/strong>(anverso y reverso) . Excluyente (puede ser DU digital).<\/p>\n\n\n\n<p><strong>2- Constancia de CUIL&nbsp;<\/strong>(su ausencia no ser\u00e1 causal para excluir al postulante, ya que fue presentado con anterioridad a fin de tener usuario de GEI PAD) No excluyente.<\/p>\n\n\n\n<p>3 \u2013&nbsp;<strong>TITULACI\u00d3N&nbsp;<\/strong>en la que se concrete alguna de las&nbsp;<strong>siguientes situaciones:<\/strong><\/p>\n\n\n\n<ul>\n<li><strong>Bono de Puntaje<\/strong>&nbsp;<strong>Vigente<\/strong>&nbsp;con la incumbencia respectiva<\/li>\n\n\n\n<li><strong>Bono de Puntaje Vigente<\/strong>&nbsp;sin incumbencia m\u00e1s anal\u00edtico de la carrera ( completa o incompleta) en la que el postulante si posee incumbencia.<\/li>\n\n\n\n<li><strong>T\u00edtulo anal\u00edtico registrado<\/strong>&nbsp;por el \u00c1rea de T\u00edtulos y Estudios de la DGE con la incumbencia.<\/li>\n\n\n\n<li><strong>T\u00edtulo anal\u00edtico registrado<\/strong>&nbsp;por el \u00c1rea de T\u00edtulos y Estudios de la DGE&nbsp;<strong>SIN incumbencia<\/strong>,&nbsp;<strong>m\u00e1s anal\u00edtico de la carrera<\/strong>&nbsp;( completa o incompleta) en la que el postulante si posee incumbencia.<\/li>\n<\/ul>\n\n\n\n<p><strong>ACLARACIONES SOBRE TITULOS Y CERTIFICADOS<\/strong><\/p>\n\n\n\n<p> Solo se pueden registrar T\u00edtulos, es decir que si se trata de un estudiante del nivel superior con materias aprobadas, solo podr\u00e1 registrar el t\u00edtulo secundario, ya que el anal\u00edtico incompleto del nivel superior no se puede registrar.Para los casos excepcionales de&nbsp;t\u00edtulos provisorios de egreso de la Universidades, que cuentan con \u00abel registro\u00bb fehaciente del \u00c1rea de T\u00edtulo de la DGE, a los fines del concurso de suplencias , tienen validez de un a\u00f1o a partir de su fecha de emisi\u00f3n.<\/p>\n\n\n\n<p><strong>4 &#8211; CERTIFICACIONES DE CARRERAS INCOMPLETAS DE ESTUDIANTES<\/strong><\/p>\n\n\n\n<ul>\n<li>Haber aprobado una materia, como m\u00ednimo, dentro de los tres \u00faltimos a\u00f1os desde la fecha del llamado, para acreditar su condici\u00f3n<\/li>\n\n\n\n<li>Acreditar 15 (quince) materias, aprobadas, como m\u00ednimo, del plan de estudios.<\/li>\n\n\n\n<li>Los ciclos nivelatorios no habilitan para el desempe\u00f1o en docencia y las materias aprobadas dentro de ellos no se computan<\/li>\n\n\n\n<li>El certificado o constancia deber\u00e1 tener formato de anal\u00edtico, incompleto o completo, firma digital o firma hol\u00f3grafa de autoridad igual o superior a secretario acad\u00e9mico o director acad\u00e9mico. Los certificados emitidos con QR deber\u00e1n presentarse con sello y firma de autoridad competente. <strong>Nuestros estudiantes los deben solicitar al email 9010.secretaria@gmail.com<\/strong>\n<ul>\n<li><strong>\u00bfC\u00f3mo registrar un t\u00edtulo?<\/strong><\/li>\n<\/ul>\n<\/li>\n\n\n\n<li>El registro de t\u00edtulo no sirve como legalizaci\u00f3n<strong>.<\/strong><\/li>\n\n\n\n<li>NO se registran CURSOS<\/li>\n\n\n\n<li>NO se registran \u201ccertificados de estudios\u201d.<\/li>\n\n\n\n<li>Solo se registran titulaciones de grado y <strong>Nivel Secundario<\/strong>. No Post\u00edtulos de formaci\u00f3n continua.<\/li>\n\n\n\n<li>El tr\u00e1mite es exclusivamente online.<\/li>\n\n\n\n<li>Genere un formulario en la web del Gobierno de Mendoza, seleccionando la opci\u00f3n de \u00abDirecci\u00f3n General de Escuelas\u00bb para la gesti\u00f3n y en la descripci\u00f3n del tr\u00e1mite colocar \u00abRegistro de T\u00edtulo\u00bb. De esta forma se genera el formulario en donde se deber\u00e1n completar los datos personales y luego adjuntar foto o escaneo del DNI y finalmente el T\u00edtulo y Anal\u00edtico escaneado en un solo PDF (verificar que el escaneo sea legible).<\/li>\n\n\n\n<li>El archivo en PDF no debe superar los 10mb.<\/li>\n\n\n\n<li><a href=\"https:\/\/ticketsform.mendoza.gov.ar\/ticketsform\/servlet\/responderformulario?VU_FORM_SOLICITUD_DE_INGRESO_DE_TRAMITE\" target=\"_blank\" rel=\"noreferrer noopener\">https:\/\/ticketsform.mendoza.gov.ar\/ticketsform\/servlet\/responderformulario?VU_FORM_SOLICITUD_DE_INGRESO_DE_TRAMITE<\/a><\/li>\n\n\n\n<li>Una vez realizado el tr\u00e1mite se genera un n\u00famero de ticket que acredita la gesti\u00f3n y posterior a ello el interesado podr\u00e1 llevar un seguimiento con el n\u00famero de tr\u00e1mite proporcionado y ver el avance hasta que se visualice la gesti\u00f3n concluida con el registro del t\u00edtulo reqlizado y el archivo listo para descargar con la firma electr\u00f3nica que avale el registro.<\/li>\n\n\n\n<li><a href=\"https:\/\/tickets-web.mendoza.gov.ar\/ticketspubprd\/servlet\/pubtickethome\" target=\"_blank\" rel=\"noreferrer noopener\">https:\/\/tickets-web.mendoza.gov.ar\/ticketspubprd\/servlet\/pubtickethome<\/a><\/li>\n\n\n\n<li><strong>Requisitos y Procedimientos<\/strong><\/li>\n\n\n\n<li>Ingresar al Formulario ONLINE, seleccionar DIRECCI\u00d3N GENERAL DE ESCUELAS, completar con los datos personales y especificar en la descripci\u00f3n del tr\u00e1mite \u201cRegistro de T\u00edtulo\u201d<\/li>\n\n\n\n<li>Adjuntar D.N.I. en un archivo en formato PDF (que no supere los 10 Mb)<\/li>\n\n\n\n<li>Adjuntar&nbsp;ANAL\u00cdTICO Y T\u00cdTULO\/DIPLOMA<strong>&nbsp;<\/strong>escaneado en un solo PDF (que no supere los 10 Mb).<\/li>\n\n\n\n<li>Si su&nbsp;<strong>t<\/strong>\u00edtulo ha sido emitido FUERA de la Provincia de Mendoza, deber\u00e1 presentarse en el \u00e1rea de T\u00edtulos y Estudios para proceder a la certificaci\u00f3n de las firmas.<\/li>\n\n\n\n<li>El archivo debe ser&nbsp;CLARO Y LEGIBLE, requisito excluyente.<\/li>\n\n\n\n<li>El t\u00edtulo original debe estar en&nbsp;BUENAS CONDICIONES DE CONSERVACI\u00d3N, requisito excluyente.<\/li>\n\n\n\n<li><strong>T\u00cdTULO<\/strong> Y ANAL\u00cdTICO&nbsp;escaneado en un solo PDF (que no supere los 10 Mb).<\/li>\n<\/ul>\n\n\n\n<p><strong>5- PSICOFISICO:<\/strong><\/p>\n\n\n\n<p>Para el caso de psicof\u00edsicos emitidos hasta el 31\/12\/24 rigen los alcances de las resoluciones 29 y 172 DGE 17 y su validez es de 8 a\u00f1os desde su fecha de emisi\u00f3n, hasta el plazo que determina cada psicof\u00edsico ya otorgado, salvo las excepciones que el Gobierno Escolar y\/o Servicio de Auditor\u00eda M\u00e9dica (SeAM) as\u00ed lo determinen.<\/p>\n\n\n\n<p>Para el caso de los psicof\u00edsicos emitidos a partir del 1\/1\/25 rigen los alcances de la Resoluci\u00f3n 6641-DGE-24.<\/p>\n\n\n\n<p><strong>Posibles situaciones:<\/strong><\/p>\n\n\n\n<p>Docente que ya posea certificado de aptitud psicof\u00edsica, apto o apto con preexistencia, deber\u00e1 estar VIGENTE al momento de presentarse a una suplencia y si la situaci\u00f3n lo requiera, adjuntar certificado de aptitud espec\u00edfico y\/o complementario, seg\u00fan Anexo I, 2 a y 2 b RES. 6641\/24.<\/p>\n\n\n\n<p>b. Docente con bono de puntaje y sin bono de puntaje, que opte por primera vez a una suplencia de cargos iniciales del escalaf\u00f3n y horas c\u00e1tedra: podr\u00e1 presentar&nbsp;<strong>POR \u00daNICA VEZ<\/strong>&nbsp;certificado m\u00e9dico expedido por efector p\u00fablico. Obtenida la suplencia deber\u00e1 iniciar, dentro de las&nbsp;<strong>48 hs posteriores<\/strong>, ante Servicio de Auditor\u00eda M\u00e9dica (SeAM) el tr\u00e1mite previsto a fin de que se le otorgue el c\u00f3digo requerido para la realizaci\u00f3n del certificado de aptitud psicof\u00edsica.<\/p>\n\n\n\n<p><strong>El c\u00f3digo otorgado servir\u00e1 para optar por otras suplencias durante el plazo de 60 d\u00edas corridos desde su emisi\u00f3n.<\/strong><\/p>\n\n\n\n<p><em>Los certificados m\u00e9dicos expedidos por efector p\u00fablico podr\u00e1n ser solicitados en:<\/em><br>Centros de Salud, Hospitales: validez de&nbsp;<strong>60 d\u00edas corridos desde su<br>emisi\u00f3n.<\/strong><br><strong>CONI:<\/strong>&nbsp;validez establecida expresamente en el certificado.<br><strong>Hospitales privados de nivel 4<\/strong>&nbsp;(centros de atenci\u00f3n de salud con infraestructura y personal capaz de atender situaciones complejas)&nbsp;<strong>60 d\u00edas<\/strong><br><strong>No se aceptar\u00e1n<\/strong>&nbsp;certificados de profesionales particulares u otras instituciones privadas.<\/p>\n\n\n\n<p><strong>6 \u2013 DECLARACION JURADA DE HORAS Y CARGOS.<\/strong>&nbsp;Se trata de un&nbsp;<strong>formulario digital<\/strong>&nbsp;que&nbsp;<strong>se obtiene desde el sistema GEI<\/strong>&nbsp;y tiene una&nbsp;<strong>vigencia de 7 d\u00edas desde su emisi\u00f3n.&nbsp;<\/strong>En un&nbsp;llamado virtual la declaraci\u00f3n jurada ya figura en el sistema, sin embargo si la misma posee errores, entonces habr\u00e1 que adjuntar las probanzas necesarias que rectifiquen dicha situaci\u00f3n.<\/p>\n\n\n\n<p><a href=\"https:\/\/dti.mendoza.edu.ar\/ddjj\/\">Descargar Declaraci\u00f3n Jurada de Cargos <\/a><\/p>\n\n\n\n<p><a href=\"http:\/\/chrome-extension:\/\/efaidnbmnnnibpcajpcglclefindmkaj\/https:\/\/dti.mendoza.edu.ar\/ddjj\/uploads\/ayuda\/ddjj_instructivo_docentes.pdf\" target=\"_blank\" rel=\"noreferrer noopener\">Tutorial DDJJ<\/a><\/p>\n\n\n\n<p>Para poder participar de un llamado virtual es necesario tener creada una<strong> cuenta personal en GEI&nbsp;<\/strong>y adem\u00e1s tener&nbsp;<strong>activado el ROLPAD DOCENTE<\/strong>&nbsp;caso contrario no podr\u00e1 participar en las postulaciones para las suplencias en cuarto llamado del nivel secundario.<\/p>\n\n\n\n<p>7<strong>\u2013 CERTIFICADO DE ANTECEDENTES PENALES:&nbsp;<\/strong>A partir del 11 de abril de 2022 es requisito presentar en los concursos a suplencia&nbsp;<\/p>\n\n\n\n<p><a href=\"http:\/\/chrome-extension:\/\/efaidnbmnnnibpcajpcglclefindmkaj\/https:\/\/secretariomike.com\/wp-content\/uploads\/2022\/03\/pedido_165791_18032022.pdf\" target=\"_blank\" rel=\"noreferrer noopener\">Norma Legal<\/a><\/p>\n\n\n\n<p><a href=\"https:\/\/www.argentina.gob.ar\/justicia\/reincidencia\/antecedentespenales\" target=\"_blank\" rel=\"noreferrer noopener\">\u00bfC\u00f3mo gestionar el Certificado de antecedentes Penales?<\/a><\/p>\n\n\n\n<hr class=\"wp-block-separator has-alpha-channel-opacity\"\/>\n\n\n\n<p><a href=\"https:\/\/wikigem.mendoza.edu.ar\/menu\/docentes\/acceso\" target=\"_blank\" rel=\"noreferrer noopener\">\u00bfC\u00f3mo crear rol pad docente?<\/a><\/p>\n\n\n\n<p><a rel=\"noreferrer noopener\" href=\"https:\/\/dti.mendoza.edu.ar\/gem\/juntas\/publico\/incumbencias\/titulos\" target=\"_blank\">Incumbencia<\/a><a href=\"https:\/\/dti.mendoza.edu.ar\/gem\/juntas\/publico\/incumbencias\/titulos\" target=\"_blank\" rel=\"noreferrer noopener\">s<\/a><a rel=\"noreferrer noopener\" href=\"https:\/\/dti.mendoza.edu.ar\/gem\/juntas\/publico\/incumbencias\/titulos\" target=\"_blank\"> por T\u00edtulo<\/a><\/p>\n\n\n\n<p><\/p>\n\n\n\n<p><\/p>\n\n\n\n<p><\/p>\n\n\n\n<p><\/p>\n","protected":false},"excerpt":{"rendered":"<p>\u00bfSab\u00edas que si ten\u00e9s m\u00e1s de 15 materias aprobadas de carreras del Nivel Superior pod\u00e9s acceder a una suplencia? Lee con atenci\u00f3n y adelante&#8230; La&nbsp;carpeta de antecedentes en el Nivel Secundario es virtual y se integra de diferentes&nbsp;archivos digitales&nbsp;que se van cargando seg\u00fan la normativa vigente. Los escaneos siempre deben hacerse desde la documentaci\u00f3n original, &#8230; <a title=\"Cuarto llamado\" class=\"read-more\" href=\"https:\/\/ies9010-infd.mendoza.edu.ar\/sitio\/ingreso-2025\/\" aria-label=\"More on Cuarto llamado\">[+]<\/a><\/p>\n","protected":false},"author":2717,"featured_media":0,"parent":0,"menu_order":0,"comment_status":"closed","ping_status":"closed","template":"","meta":[],"acf":[],"_links":{"self":[{"href":"https:\/\/ies9010-infd.mendoza.edu.ar\/sitio\/wp-json\/wp\/v2\/pages\/3509"}],"collection":[{"href":"https:\/\/ies9010-infd.mendoza.edu.ar\/sitio\/wp-json\/wp\/v2\/pages"}],"about":[{"href":"https:\/\/ies9010-infd.mendoza.edu.ar\/sitio\/wp-json\/wp\/v2\/types\/page"}],"author":[{"embeddable":true,"href":"https:\/\/ies9010-infd.mendoza.edu.ar\/sitio\/wp-json\/wp\/v2\/users\/2717"}],"replies":[{"embeddable":true,"href":"https:\/\/ies9010-infd.mendoza.edu.ar\/sitio\/wp-json\/wp\/v2\/comments?post=3509"}],"version-history":[{"count":23,"href":"https:\/\/ies9010-infd.mendoza.edu.ar\/sitio\/wp-json\/wp\/v2\/pages\/3509\/revisions"}],"predecessor-version":[{"id":3782,"href":"https:\/\/ies9010-infd.mendoza.edu.ar\/sitio\/wp-json\/wp\/v2\/pages\/3509\/revisions\/3782"}],"wp:attachment":[{"href":"https:\/\/ies9010-infd.mendoza.edu.ar\/sitio\/wp-json\/wp\/v2\/media?parent=3509"}],"curies":[{"name":"wp","href":"https:\/\/api.w.org\/{rel}","templated":true}]}}