{"id":3960,"date":"2025-07-17T23:59:38","date_gmt":"2025-07-18T02:59:38","guid":{"rendered":"https:\/\/ies9010-infd.mendoza.edu.ar\/sitio\/?page_id=3960"},"modified":"2025-11-26T15:28:42","modified_gmt":"2025-11-26T18:28:42","slug":"llamado-a-concurso-regencia","status":"publish","type":"page","link":"https:\/\/ies9010-infd.mendoza.edu.ar\/sitio\/llamado-a-concurso-regencia\/","title":{"rendered":"Convocatoria a concurso abreviado"},"content":{"rendered":"\n<h5 class=\"wp-block-heading\"><strong>Concurso abreviado p\u00fablico de antecedentes y oposici\u00f3n <\/strong>para la cobertura del cargo de coordinador del Profesorado de Educaci\u00f3n Secundaria en Lengua y Literatura<\/h5>\n\n\n\n<p>Inscripci\u00f3n on line de aspirantes desde el 14\/11\/2025 al 17\/11\/2025<\/p>\n\n\n\n<p><a href=\"https:\/\/docs.google.com\/forms\/d\/e\/1FAIpQLScq3ddgd2P8nWoqHByYEqtXhSqRMHtN3L70W5de6zdhLDba-w\/viewform\">https:\/\/docs.google.com\/forms\/d\/e\/1FAIpQLScq3ddgd2P8nWoqHByYEqtXhSqRMHtN3L70W5de6zdhLDba-w\/viewform<\/a><\/p>\n\n\n\n<p>Resoluci\u00f3n de Rector\u00eda N\u00b0 04\/2025 <\/p>\n\n\n\n<div class=\"wp-block-file\"><object class=\"wp-block-file__embed\" data=\"https:\/\/ies9010-infd.mendoza.edu.ar\/sitio\/wp-content\/uploads\/2025\/11\/Res-04-2025-Convocatoria-Concurso-de-gestion-academica.pdf\" type=\"application\/pdf\" style=\"width:100%;height:600px\" aria-label=\"Incrustado de Res-04-2025-Convocatoria-Concurso-de-gestion-academica.\"><\/object><a id=\"wp-block-file--media-90ca2452-88cf-4ad0-bb33-41854a823ea4\" href=\"https:\/\/ies9010-infd.mendoza.edu.ar\/sitio\/wp-content\/uploads\/2025\/11\/Res-04-2025-Convocatoria-Concurso-de-gestion-academica.pdf\">Res-04-2025-Convocatoria-Concurso-de-gestion-academica<\/a><a href=\"https:\/\/ies9010-infd.mendoza.edu.ar\/sitio\/wp-content\/uploads\/2025\/11\/Res-04-2025-Convocatoria-Concurso-de-gestion-academica.pdf\" class=\"wp-block-file__button wp-element-button\" download aria-describedby=\"wp-block-file--media-90ca2452-88cf-4ad0-bb33-41854a823ea4\">Descarga<\/a><\/div>\n\n\n\n<h5 class=\"wp-block-heading\">Reporte de Inscripci\u00f3n <\/h5>\n\n\n\n<div class=\"wp-block-file\"><object class=\"wp-block-file__embed\" data=\"https:\/\/ies9010-infd.mendoza.edu.ar\/sitio\/wp-content\/uploads\/2025\/11\/reporte-de-inscripcion.pdf\" type=\"application\/pdf\" style=\"width:100%;height:600px\" aria-label=\"Incrustado de reporte-de-inscripcion.\"><\/object><a id=\"wp-block-file--media-57f1108b-db59-4f34-bc57-8d47fd61e4d9\" href=\"https:\/\/ies9010-infd.mendoza.edu.ar\/sitio\/wp-content\/uploads\/2025\/11\/reporte-de-inscripcion.pdf\">reporte-de-inscripcion<\/a><a href=\"https:\/\/ies9010-infd.mendoza.edu.ar\/sitio\/wp-content\/uploads\/2025\/11\/reporte-de-inscripcion.pdf\" class=\"wp-block-file__button wp-element-button\" download aria-describedby=\"wp-block-file--media-57f1108b-db59-4f34-bc57-8d47fd61e4d9\">Descarga<\/a><\/div>\n\n\n\n<hr class=\"wp-block-separator has-alpha-channel-opacity\"\/>\n\n\n\n<h5 class=\"wp-block-heading\">Resoluci\u00f3n 02-2025. Concurso Regencia<\/h5>\n\n\n\n<div class=\"wp-block-file\"><object class=\"wp-block-file__embed\" data=\"https:\/\/ies9010-infd.mendoza.edu.ar\/sitio\/wp-content\/uploads\/2025\/07\/Res-02-2025-Concurso-Regencia-1.pdf\" type=\"application\/pdf\" style=\"width:100%;height:600px\" aria-label=\"Incrustado de Res-02-2025-Concurso-Regencia-1.\"><\/object><a id=\"wp-block-file--media-c5079be3-6eae-4992-984e-7437bfefc89b\" href=\"https:\/\/ies9010-infd.mendoza.edu.ar\/sitio\/wp-content\/uploads\/2025\/07\/Res-02-2025-Concurso-Regencia-1.pdf\">Res-02-2025-Concurso-Regencia-1<\/a><a href=\"https:\/\/ies9010-infd.mendoza.edu.ar\/sitio\/wp-content\/uploads\/2025\/07\/Res-02-2025-Concurso-Regencia-1.pdf\" class=\"wp-block-file__button wp-element-button\" download aria-describedby=\"wp-block-file--media-c5079be3-6eae-4992-984e-7437bfefc89b\">Descarga<\/a><\/div>\n","protected":false},"excerpt":{"rendered":"<p>Concurso abreviado p\u00fablico de antecedentes y oposici\u00f3n para la cobertura del cargo de coordinador del Profesorado de Educaci\u00f3n Secundaria en Lengua y Literatura Inscripci\u00f3n on line de aspirantes desde el 14\/11\/2025 al 17\/11\/2025 https:\/\/docs.google.com\/forms\/d\/e\/1FAIpQLScq3ddgd2P8nWoqHByYEqtXhSqRMHtN3L70W5de6zdhLDba-w\/viewform Resoluci\u00f3n de Rector\u00eda N\u00b0 04\/2025 Reporte de Inscripci\u00f3n Resoluci\u00f3n 02-2025. Concurso Regencia<\/p>\n","protected":false},"author":2717,"featured_media":0,"parent":0,"menu_order":0,"comment_status":"closed","ping_status":"closed","template":"","meta":[],"acf":[],"_links":{"self":[{"href":"https:\/\/ies9010-infd.mendoza.edu.ar\/sitio\/wp-json\/wp\/v2\/pages\/3960"}],"collection":[{"href":"https:\/\/ies9010-infd.mendoza.edu.ar\/sitio\/wp-json\/wp\/v2\/pages"}],"about":[{"href":"https:\/\/ies9010-infd.mendoza.edu.ar\/sitio\/wp-json\/wp\/v2\/types\/page"}],"author":[{"embeddable":true,"href":"https:\/\/ies9010-infd.mendoza.edu.ar\/sitio\/wp-json\/wp\/v2\/users\/2717"}],"replies":[{"embeddable":true,"href":"https:\/\/ies9010-infd.mendoza.edu.ar\/sitio\/wp-json\/wp\/v2\/comments?post=3960"}],"version-history":[{"count":12,"href":"https:\/\/ies9010-infd.mendoza.edu.ar\/sitio\/wp-json\/wp\/v2\/pages\/3960\/revisions"}],"predecessor-version":[{"id":4443,"href":"https:\/\/ies9010-infd.mendoza.edu.ar\/sitio\/wp-json\/wp\/v2\/pages\/3960\/revisions\/4443"}],"wp:attachment":[{"href":"https:\/\/ies9010-infd.mendoza.edu.ar\/sitio\/wp-json\/wp\/v2\/media?parent=3960"}],"curies":[{"name":"wp","href":"https:\/\/api.w.org\/{rel}","templated":true}]}}