{"id":4344,"date":"2025-11-07T16:20:03","date_gmt":"2025-11-07T19:20:03","guid":{"rendered":"https:\/\/ies9010-infd.mendoza.edu.ar\/sitio\/?page_id=4344"},"modified":"2026-03-20T14:51:53","modified_gmt":"2026-03-20T17:51:53","slug":"ingreso-2026","status":"publish","type":"page","link":"https:\/\/ies9010-infd.mendoza.edu.ar\/sitio\/ingreso-2026\/","title":{"rendered":"Ingreso 2026"},"content":{"rendered":"\n<div class=\"wp-block-columns is-layout-flex wp-container-3\">\n<div class=\"wp-block-column is-layout-flow\">\n<figure class=\"wp-block-image size-full\"><a href=\"https:\/\/bit.ly\/43FiuN9\" target=\"_blank\" rel=\"noreferrer noopener\"><img decoding=\"async\" loading=\"lazy\" width=\"864\" height=\"1600\" src=\"https:\/\/ies9010-infd.mendoza.edu.ar\/sitio\/wp-content\/uploads\/2025\/11\/IMG-20251107-WA0019.jpg\" alt=\"\" class=\"wp-image-4346\" srcset=\"https:\/\/ies9010-infd.mendoza.edu.ar\/sitio\/wp-content\/uploads\/2025\/11\/IMG-20251107-WA0019.jpg 864w, https:\/\/ies9010-infd.mendoza.edu.ar\/sitio\/wp-content\/uploads\/2025\/11\/IMG-20251107-WA0019-540x1000.jpg 540w, https:\/\/ies9010-infd.mendoza.edu.ar\/sitio\/wp-content\/uploads\/2025\/11\/IMG-20251107-WA0019-768x1422.jpg 768w, https:\/\/ies9010-infd.mendoza.edu.ar\/sitio\/wp-content\/uploads\/2025\/11\/IMG-20251107-WA0019-829x1536.jpg 829w\" sizes=\"(max-width: 864px) 100vw, 864px\" \/><\/a><\/figure>\n<\/div>\n\n\n\n<div class=\"wp-block-column is-layout-flow\">\n<figure class=\"wp-block-image size-full\"><img decoding=\"async\" loading=\"lazy\" width=\"864\" height=\"1600\" src=\"https:\/\/ies9010-infd.mendoza.edu.ar\/sitio\/wp-content\/uploads\/2025\/11\/IMG-20251107-WA0020.jpg\" alt=\"\" class=\"wp-image-4345\" srcset=\"https:\/\/ies9010-infd.mendoza.edu.ar\/sitio\/wp-content\/uploads\/2025\/11\/IMG-20251107-WA0020.jpg 864w, https:\/\/ies9010-infd.mendoza.edu.ar\/sitio\/wp-content\/uploads\/2025\/11\/IMG-20251107-WA0020-540x1000.jpg 540w, https:\/\/ies9010-infd.mendoza.edu.ar\/sitio\/wp-content\/uploads\/2025\/11\/IMG-20251107-WA0020-768x1422.jpg 768w, https:\/\/ies9010-infd.mendoza.edu.ar\/sitio\/wp-content\/uploads\/2025\/11\/IMG-20251107-WA0020-829x1536.jpg 829w\" sizes=\"(max-width: 864px) 100vw, 864px\" \/><\/figure>\n<\/div>\n<\/div>\n\n\n\n<h5 class=\"wp-block-heading\">Material de ingreso: Razonamiento l\u00f3gico y resoluci\u00f3n de problemas<\/h5>\n\n\n\n<div class=\"wp-block-columns is-layout-flex wp-container-7\">\n<div class=\"wp-block-column is-layout-flow\">\n<iframe allowfullscreen=\"allowfullscreen\" allow=\"clipboard-write\" scrolling=\"no\" class=\"fp-iframe\" src=\"https:\/\/heyzine.com\/flip-book\/b38aa62c2b.html\" style=\"border: 1px solid lightgray; width: 100%; height: 400px;\"><\/iframe>\n<\/div>\n\n\n\n<div class=\"wp-block-column is-layout-flow\">\n<iframe allowfullscreen=\"allowfullscreen\" allow=\"clipboard-write\" scrolling=\"no\" class=\"fp-iframe\" src=\"https:\/\/heyzine.com\/flip-book\/4c11c124b9.html\" style=\"border: 1px solid lightgray; width: 100%; height: 400px;\"><\/iframe>\n<\/div>\n\n\n\n<div class=\"wp-block-column is-layout-flow\">\n<iframe allowfullscreen=\"allowfullscreen\" allow=\"clipboard-write\" scrolling=\"no\" class=\"fp-iframe\" src=\"https:\/\/heyzine.com\/flip-book\/f4bc288454.html\" style=\"border: 1px solid lightgray; width: 100%; height: 400px;\"><\/iframe>\n<\/div>\n<\/div>\n\n\n\n<h5 class=\"wp-block-heading\">Material de ingreso: Comprensi\u00f3n y producci\u00f3n de textos<\/h5>\n\n\n\n<div class=\"wp-block-columns is-layout-flex wp-container-11\">\n<div class=\"wp-block-column is-layout-flow\">\n<iframe allowfullscreen=\"allowfullscreen\" allow=\"clipboard-write\" scrolling=\"no\" class=\"fp-iframe\" src=\"https:\/\/heyzine.com\/flip-book\/44b7d82dc4.html\" style=\"border: 1px solid lightgray; width: 100%; height: 400px;\"><\/iframe>\n<\/div>\n\n\n\n<div class=\"wp-block-column is-layout-flow\">\n<iframe allowfullscreen=\"allowfullscreen\" allow=\"clipboard-write\" scrolling=\"no\" class=\"fp-iframe\" src=\"https:\/\/heyzine.com\/flip-book\/56de8ada1b.html\" style=\"border: 1px solid lightgray; width: 100%; height: 400px;\"><\/iframe>\n<\/div>\n\n\n\n<div class=\"wp-block-column is-layout-flow\">\n<iframe allowfullscreen=\"allowfullscreen\" allow=\"clipboard-write\" scrolling=\"no\" class=\"fp-iframe\" src=\"https:\/\/heyzine.com\/flip-book\/d2a8e2f91a.html\" style=\"border: 1px solid lightgray; width: 100%; height: 400px;\"><\/iframe>\n<\/div>\n<\/div>\n\n\n\n<h5 class=\"wp-block-heading has-text-align-center\">Videos basados en el Cuadernillo te\u00f3rico de ingreso 2026. DES<\/h5>\n\n\n\n<div class=\"wp-block-columns is-layout-flex wp-container-15\">\n<div class=\"wp-block-column is-layout-flow\">\n<figure class=\"wp-block-embed is-type-video is-provider-youtube wp-block-embed-youtube wp-embed-aspect-16-9 wp-has-aspect-ratio\"><div class=\"wp-block-embed__wrapper\">\n<iframe loading=\"lazy\" title=\"Introducci\u00f3n a los procesos de comprensi\u00f3n y producci\u00f3n de textos (1\u00b0 parte)\" width=\"1200\" height=\"675\" src=\"https:\/\/www.youtube.com\/embed\/KZ52y4yffVI?feature=oembed\" frameborder=\"0\" allow=\"accelerometer; autoplay; clipboard-write; encrypted-media; gyroscope; picture-in-picture; web-share\" referrerpolicy=\"strict-origin-when-cross-origin\" allowfullscreen><\/iframe>\n<\/div><\/figure>\n<\/div>\n\n\n\n<div class=\"wp-block-column is-layout-flow\">\n<figure class=\"wp-block-embed is-type-video is-provider-youtube wp-block-embed-youtube wp-embed-aspect-16-9 wp-has-aspect-ratio\"><div class=\"wp-block-embed__wrapper\">\n<iframe loading=\"lazy\" title=\"Caracter\u00edsticas de las topolog\u00edas textuales.(2\u00b0 parte)\" width=\"1200\" height=\"675\" src=\"https:\/\/www.youtube.com\/embed\/NvMoVn-Ddrc?feature=oembed\" frameborder=\"0\" allow=\"accelerometer; autoplay; clipboard-write; encrypted-media; gyroscope; picture-in-picture; web-share\" referrerpolicy=\"strict-origin-when-cross-origin\" allowfullscreen><\/iframe>\n<\/div><\/figure>\n<\/div>\n\n\n\n<div class=\"wp-block-column is-layout-flow\">\n<figure class=\"wp-block-embed is-type-video is-provider-youtube wp-block-embed-youtube wp-embed-aspect-16-9 wp-has-aspect-ratio\"><div class=\"wp-block-embed__wrapper\">\n<iframe loading=\"lazy\" title=\"Las categor\u00edas procedimentales y los indicadores ling\u00fc\u00edsticos. (3\u00b0 parte)\" width=\"1200\" height=\"675\" src=\"https:\/\/www.youtube.com\/embed\/VdfhybNUY_M?feature=oembed\" frameborder=\"0\" allow=\"accelerometer; autoplay; clipboard-write; encrypted-media; gyroscope; picture-in-picture; web-share\" referrerpolicy=\"strict-origin-when-cross-origin\" allowfullscreen><\/iframe>\n<\/div><\/figure>\n<\/div>\n<\/div>\n\n\n\n<p class=\"has-text-align-center\">Docum<strong>entaci\u00f3n a tener en cuenta para la inscripci\u00f3n<\/strong><\/p>\n\n\n\n<div class=\"wp-block-columns is-layout-flex wp-container-19\">\n<div class=\"wp-block-column is-layout-flow\"><\/div>\n\n\n\n<div class=\"wp-block-column is-layout-flow\">\n<div class=\"wp-block-file\"><object class=\"wp-block-file__embed\" data=\"https:\/\/ies9010-infd.mendoza.edu.ar\/sitio\/wp-content\/uploads\/2025\/11\/Documentacion-a-presentar-1-1.pdf\" type=\"application\/pdf\" style=\"width:100%;height:600px\" aria-label=\"Incrustado de Documentacion-a-presentar-1-1.\"><\/object><a id=\"wp-block-file--media-824239ba-d271-4578-ac82-85a075923b9c\" href=\"https:\/\/ies9010-infd.mendoza.edu.ar\/sitio\/wp-content\/uploads\/2025\/11\/Documentacion-a-presentar-1-1.pdf\">Documentacion-a-presentar-1-1<\/a><a href=\"https:\/\/ies9010-infd.mendoza.edu.ar\/sitio\/wp-content\/uploads\/2025\/11\/Documentacion-a-presentar-1-1.pdf\" class=\"wp-block-file__button wp-element-button\" download aria-describedby=\"wp-block-file--media-824239ba-d271-4578-ac82-85a075923b9c\">Descarga<\/a><\/div>\n<\/div>\n\n\n\n<div class=\"wp-block-column is-layout-flow\"><\/div>\n<\/div>\n","protected":false},"excerpt":{"rendered":"<p>Material de ingreso: Razonamiento l\u00f3gico y resoluci\u00f3n de problemas Material de ingreso: Comprensi\u00f3n y producci\u00f3n de textos Videos basados en el Cuadernillo te\u00f3rico de ingreso 2026. DES Documentaci\u00f3n a tener en cuenta para la inscripci\u00f3n<\/p>\n","protected":false},"author":2717,"featured_media":0,"parent":0,"menu_order":0,"comment_status":"closed","ping_status":"closed","template":"","meta":[],"acf":[],"_links":{"self":[{"href":"https:\/\/ies9010-infd.mendoza.edu.ar\/sitio\/wp-json\/wp\/v2\/pages\/4344"}],"collection":[{"href":"https:\/\/ies9010-infd.mendoza.edu.ar\/sitio\/wp-json\/wp\/v2\/pages"}],"about":[{"href":"https:\/\/ies9010-infd.mendoza.edu.ar\/sitio\/wp-json\/wp\/v2\/types\/page"}],"author":[{"embeddable":true,"href":"https:\/\/ies9010-infd.mendoza.edu.ar\/sitio\/wp-json\/wp\/v2\/users\/2717"}],"replies":[{"embeddable":true,"href":"https:\/\/ies9010-infd.mendoza.edu.ar\/sitio\/wp-json\/wp\/v2\/comments?post=4344"}],"version-history":[{"count":20,"href":"https:\/\/ies9010-infd.mendoza.edu.ar\/sitio\/wp-json\/wp\/v2\/pages\/4344\/revisions"}],"predecessor-version":[{"id":4688,"href":"https:\/\/ies9010-infd.mendoza.edu.ar\/sitio\/wp-json\/wp\/v2\/pages\/4344\/revisions\/4688"}],"wp:attachment":[{"href":"https:\/\/ies9010-infd.mendoza.edu.ar\/sitio\/wp-json\/wp\/v2\/media?parent=4344"}],"curies":[{"name":"wp","href":"https:\/\/api.w.org\/{rel}","templated":true}]}}