{"id":4527,"date":"2025-12-18T17:24:10","date_gmt":"2025-12-18T20:24:10","guid":{"rendered":"https:\/\/ies9010-infd.mendoza.edu.ar\/sitio\/?page_id=4527"},"modified":"2025-12-19T15:04:49","modified_gmt":"2025-12-19T18:04:49","slug":"workspace-institucional","status":"publish","type":"page","link":"https:\/\/ies9010-infd.mendoza.edu.ar\/sitio\/workspace-institucional\/","title":{"rendered":"Workspace Institucional"},"content":{"rendered":"\n<figure class=\"wp-block-image size-large\"><img decoding=\"async\" loading=\"lazy\" width=\"1900\" height=\"570\" src=\"https:\/\/ies9010-infd.mendoza.edu.ar\/sitio\/wp-content\/uploads\/2025\/12\/Diseno-sin-titulo-6-1900x570.png\" alt=\"\" class=\"wp-image-4541\" srcset=\"https:\/\/ies9010-infd.mendoza.edu.ar\/sitio\/wp-content\/uploads\/2025\/12\/Diseno-sin-titulo-6-1900x570.png 1900w, https:\/\/ies9010-infd.mendoza.edu.ar\/sitio\/wp-content\/uploads\/2025\/12\/Diseno-sin-titulo-6-1000x300.png 1000w, https:\/\/ies9010-infd.mendoza.edu.ar\/sitio\/wp-content\/uploads\/2025\/12\/Diseno-sin-titulo-6-768x230.png 768w, https:\/\/ies9010-infd.mendoza.edu.ar\/sitio\/wp-content\/uploads\/2025\/12\/Diseno-sin-titulo-6-1536x461.png 1536w, https:\/\/ies9010-infd.mendoza.edu.ar\/sitio\/wp-content\/uploads\/2025\/12\/Diseno-sin-titulo-6.png 2000w\" sizes=\"(max-width: 1900px) 100vw, 1900px\" \/><\/figure>\n\n\n\n<h4 class=\"wp-block-heading\">Solicitud de cuenta del Workspace Institucional<\/h4>\n\n\n\n<p>(Solo para el personal del IES 9010 \u00abRosario Vera Pe\u00f1aloza\u00bb)<\/p>\n\n\n\n<p>Los datos que debe enviar: Apellido y nombre completo, DNI, e-mail personal y cargo que ocupa.<\/p>\n\n\n\n<p>Complete el siguiente formulario:<\/p>\n\n\n\n<p><a href=\"https:\/\/docs.google.com\/forms\/d\/1lElrTyJ1t87ybq5dvITT8EnguxwTK2FfmPcM0k5nuxo\/edit?usp=mail_response_notification#responses\">https:\/\/docs.google.com\/forms\/d\/1lElrTyJ1t87ybq5dvITT8EnguxwTK2FfmPcM0k5nuxo\/edit?usp=mail_response_notification#responses<\/a><\/p>\n\n\n\n<p>Luego de enviada la solicitud, recibir\u00e1 en un correo electr\u00f3nico, con la notificaci\u00f3n para realizar el primer ingreso. Se le enviar\u00e1 un usuario y una contrase\u00f1a, tendr\u00e1 &nbsp;48 hs desde recibida la notificaci\u00f3n para activarlo y establecer su propia clave de acceso.<\/p>\n\n\n\n<p>Es importante recalcar que esta cuenta estar\u00e1 activa mientras dure su v\u00ednculo laboral con el IES 9-010 \u00abRosario Vera Pe\u00f1aloza\u00bb. En caso de que usted se desvincule laboralmente de la instituci\u00f3n la cuenta se mantendr\u00e1 activa por 20 d\u00edas m\u00e1s, a los efectos de que realice la migraci\u00f3n de datos que considere necesaria. Cumplido ese plazo la cuenta se eliminar\u00e1 definitivamente.<\/p>\n\n\n\n<p>Consultas y asesoramiento al siguiente email:<\/p>\n\n\n\n<p><a href=\"mailto:dario_mugneco@elvera9010.edu.ar\">dario_mugneco@elvera9010.edu.ar<\/a><\/p>\n\n\n\n<h4 class=\"wp-block-heading\">\u00bfQu\u00e9 es una cuenta institucional?<\/h4>\n\n\n\n<p>Es un usuario del paquete de Aplicaciones de&nbsp;<a rel=\"noreferrer noopener\" href=\"https:\/\/edu.google.com\/products\/workspace-for-education\/education-fundamentals\/?hl=es-419\" target=\"_blank\">Google Workspace for Education<\/a>&nbsp;que el Instituto le asignar\u00e1 a Ud. como una herramienta de trabajo, con el objetivo de mejorar y agilizar procesos de formaci\u00f3n acad\u00e9mica y de su propia formaci\u00f3n en tecnolog\u00edas de la comunicaci\u00f3n, &nbsp;con foco en la tarea docente, de gesti\u00f3n acad\u00e9mica y administrativa. Esta cuenta estar\u00e1 expresada en un correo electr\u00f3nico bajo el dominio del \u00abelvera9010\u00bb, a modos de ejemplo:&nbsp;<a rel=\"noreferrer noopener\" href=\"mailto:lucia_valdez@iesvu.edu.ar\" target=\"_blank\">alejandro_valdez@elvera9010.edu.ar<\/a>.<\/p>\n\n\n\n<h4 class=\"wp-block-heading\">\u00bfQu\u00e9 es Google Workspace?<\/h4>\n\n\n\n<p>Workspace es un conjunto de aplicaciones de mensajer\u00eda y colaboraci\u00f3n basadas en la web que Google aloja en sus propios servidores. Google proporciona estas aplicaciones como un servicio, en lugar de como un software para descargar e instalar. Para acceder a Workspace, simplemente use un navegador web en una computadora que est\u00e9 conectada a Internet o su tel\u00e9fono m\u00f3vil.<\/p>\n\n\n\n<p>Usted tendr\u00e1 acceso a todos los servicios de Google, incluso aquellos servicios pagos, como pueden ser Google Meet para videoconferencias, Classroom, capacidad de 35 GB en Google Drive, Google Sites y Google Groups, una potente herramienta para el trabajo colaborativo y la gesti\u00f3n de la informaci\u00f3n hacia adentro de la instituci\u00f3n.<\/p>\n\n\n\n<p>Las condiciones de seguridad y privacidad de los datos est\u00e1 garantizada para todos los usuarios.<\/p>\n\n\n\n<p>M\u00e1s info en&nbsp;<a href=\"https:\/\/edu.google.com\/intl\/es-419\/why-google\/privacy-security\/?modal_active=none\" target=\"_blank\" rel=\"noreferrer noopener\">https:\/\/edu.google.com\/intl\/<wbr>es-419\/why-google\/privacy-<wbr>security\/?modal_active=none<\/a><\/p>\n\n\n\n<hr class=\"wp-block-separator has-alpha-channel-opacity\"\/>\n\n\n\n<h5 class=\"wp-block-heading\">Material de la capacitaci\u00f3n para el \u00e1rea administrativa \u00abGoogle Workspace for Education\u00bb<\/h5>\n\n\n\n<div class=\"wp-block-file\"><object class=\"wp-block-file__embed\" data=\"https:\/\/ies9010-infd.mendoza.edu.ar\/sitio\/wp-content\/uploads\/2025\/12\/Plan_capacitacion_admin_Workspace_IES_Vera.pdf\" type=\"application\/pdf\" style=\"width:100%;height:600px\" aria-label=\"Incrustado de Plan_capacitacion_admin_Workspace_IES_Vera.\"><\/object><a id=\"wp-block-file--media-0de08aae-8468-4ecd-99b8-7f80bc064452\" href=\"https:\/\/ies9010-infd.mendoza.edu.ar\/sitio\/wp-content\/uploads\/2025\/12\/Plan_capacitacion_admin_Workspace_IES_Vera.pdf\">Plan_capacitacion_admin_Workspace_IES_Vera<\/a><a href=\"https:\/\/ies9010-infd.mendoza.edu.ar\/sitio\/wp-content\/uploads\/2025\/12\/Plan_capacitacion_admin_Workspace_IES_Vera.pdf\" class=\"wp-block-file__button wp-element-button\" download aria-describedby=\"wp-block-file--media-0de08aae-8468-4ecd-99b8-7f80bc064452\">Descarga<\/a><\/div>\n","protected":false},"excerpt":{"rendered":"<p>Solicitud de cuenta del Workspace Institucional (Solo para el personal del IES 9010 \u00abRosario Vera Pe\u00f1aloza\u00bb) Los datos que debe enviar: Apellido y nombre completo, DNI, e-mail personal y cargo que ocupa. Complete el siguiente formulario: https:\/\/docs.google.com\/forms\/d\/1lElrTyJ1t87ybq5dvITT8EnguxwTK2FfmPcM0k5nuxo\/edit?usp=mail_response_notification#responses Luego de enviada la solicitud, recibir\u00e1 en un correo electr\u00f3nico, con la notificaci\u00f3n para realizar el primer ingreso. &#8230; <a title=\"Workspace Institucional\" class=\"read-more\" href=\"https:\/\/ies9010-infd.mendoza.edu.ar\/sitio\/workspace-institucional\/\" aria-label=\"More on Workspace Institucional\">[+]<\/a><\/p>\n","protected":false},"author":2717,"featured_media":0,"parent":0,"menu_order":0,"comment_status":"closed","ping_status":"closed","template":"","meta":[],"acf":[],"_links":{"self":[{"href":"https:\/\/ies9010-infd.mendoza.edu.ar\/sitio\/wp-json\/wp\/v2\/pages\/4527"}],"collection":[{"href":"https:\/\/ies9010-infd.mendoza.edu.ar\/sitio\/wp-json\/wp\/v2\/pages"}],"about":[{"href":"https:\/\/ies9010-infd.mendoza.edu.ar\/sitio\/wp-json\/wp\/v2\/types\/page"}],"author":[{"embeddable":true,"href":"https:\/\/ies9010-infd.mendoza.edu.ar\/sitio\/wp-json\/wp\/v2\/users\/2717"}],"replies":[{"embeddable":true,"href":"https:\/\/ies9010-infd.mendoza.edu.ar\/sitio\/wp-json\/wp\/v2\/comments?post=4527"}],"version-history":[{"count":8,"href":"https:\/\/ies9010-infd.mendoza.edu.ar\/sitio\/wp-json\/wp\/v2\/pages\/4527\/revisions"}],"predecessor-version":[{"id":4552,"href":"https:\/\/ies9010-infd.mendoza.edu.ar\/sitio\/wp-json\/wp\/v2\/pages\/4527\/revisions\/4552"}],"wp:attachment":[{"href":"https:\/\/ies9010-infd.mendoza.edu.ar\/sitio\/wp-json\/wp\/v2\/media?parent=4527"}],"curies":[{"name":"wp","href":"https:\/\/api.w.org\/{rel}","templated":true}]}}