{"id":4597,"date":"2026-02-19T11:23:40","date_gmt":"2026-02-19T14:23:40","guid":{"rendered":"https:\/\/ies9010-infd.mendoza.edu.ar\/sitio\/?page_id=4597"},"modified":"2026-03-09T16:03:29","modified_gmt":"2026-03-09T19:03:29","slug":"examenes-juridiccionales-de-ingreso","status":"publish","type":"page","link":"https:\/\/ies9010-infd.mendoza.edu.ar\/sitio\/examenes-juridiccionales-de-ingreso\/","title":{"rendered":"Ex\u00e1menes juridiccionales de Ingreso"},"content":{"rendered":"\n<p>Ex\u00e1menes juridiccionales de ingreso para todas las carreras 2026.<\/p>\n\n\n\n<p>Modalidad: Presencial. <\/p>\n\n\n\n<p>Lugar: Sede del IES 9010 \u00abRosario Vera Pe\u00f1aloza\u00bb <\/p>\n\n\n\n<hr class=\"wp-block-separator has-alpha-channel-opacity\"\/>\n\n\n\n<h4 class=\"wp-block-heading\"><strong>Febrero 2026 <\/strong><\/h4>\n\n\n\n<p>Jueves 19. Comprensi\u00f3n y producci\u00f3n de textos: Turnos: 08:30 hs &#8211; 14:30 hs. &#8211; 18:30 hs.<\/p>\n\n\n\n<p>Viernes 20. Razonamiento l\u00f3gico y resoluci\u00f3n de problemas. Turnos: 08:30 hs. -14:30 hs &#8211; 18:30 hs.<\/p>\n\n\n\n<div class=\"wp-block-columns is-layout-flex wp-container-4\">\n<div class=\"wp-block-column is-layout-flow\">\n<figure class=\"wp-block-image size-full\"><img decoding=\"async\" loading=\"lazy\" width=\"1080\" height=\"1350\" src=\"https:\/\/ies9010-infd.mendoza.edu.ar\/sitio\/wp-content\/uploads\/2026\/02\/IMG-20260223-WA0030.jpg\" alt=\"\" class=\"wp-image-4618\" srcset=\"https:\/\/ies9010-infd.mendoza.edu.ar\/sitio\/wp-content\/uploads\/2026\/02\/IMG-20260223-WA0030.jpg 1080w, https:\/\/ies9010-infd.mendoza.edu.ar\/sitio\/wp-content\/uploads\/2026\/02\/IMG-20260223-WA0030-800x1000.jpg 800w, https:\/\/ies9010-infd.mendoza.edu.ar\/sitio\/wp-content\/uploads\/2026\/02\/IMG-20260223-WA0030-768x960.jpg 768w\" sizes=\"(max-width: 1080px) 100vw, 1080px\" \/><\/figure>\n<\/div>\n\n\n\n<div class=\"wp-block-column is-layout-flow\">\n<figure class=\"wp-block-image size-full\"><img decoding=\"async\" loading=\"lazy\" width=\"1080\" height=\"1350\" src=\"https:\/\/ies9010-infd.mendoza.edu.ar\/sitio\/wp-content\/uploads\/2026\/02\/IMG-20260223-WA0028.jpg\" alt=\"\" class=\"wp-image-4620\" srcset=\"https:\/\/ies9010-infd.mendoza.edu.ar\/sitio\/wp-content\/uploads\/2026\/02\/IMG-20260223-WA0028.jpg 1080w, https:\/\/ies9010-infd.mendoza.edu.ar\/sitio\/wp-content\/uploads\/2026\/02\/IMG-20260223-WA0028-800x1000.jpg 800w, https:\/\/ies9010-infd.mendoza.edu.ar\/sitio\/wp-content\/uploads\/2026\/02\/IMG-20260223-WA0028-768x960.jpg 768w\" sizes=\"(max-width: 1080px) 100vw, 1080px\" \/><\/figure>\n<\/div>\n\n\n\n<div class=\"wp-block-column is-layout-flow\">\n<figure class=\"wp-block-image size-full\"><img decoding=\"async\" loading=\"lazy\" width=\"1080\" height=\"1350\" src=\"https:\/\/ies9010-infd.mendoza.edu.ar\/sitio\/wp-content\/uploads\/2026\/02\/IMG-20260223-WA0029.jpg\" alt=\"\" class=\"wp-image-4622\" srcset=\"https:\/\/ies9010-infd.mendoza.edu.ar\/sitio\/wp-content\/uploads\/2026\/02\/IMG-20260223-WA0029.jpg 1080w, https:\/\/ies9010-infd.mendoza.edu.ar\/sitio\/wp-content\/uploads\/2026\/02\/IMG-20260223-WA0029-800x1000.jpg 800w, https:\/\/ies9010-infd.mendoza.edu.ar\/sitio\/wp-content\/uploads\/2026\/02\/IMG-20260223-WA0029-768x960.jpg 768w\" sizes=\"(max-width: 1080px) 100vw, 1080px\" \/><\/figure>\n<\/div>\n<\/div>\n\n\n\n<hr class=\"wp-block-separator has-alpha-channel-opacity\"\/>\n\n\n\n<h4 class=\"wp-block-heading\"><strong>Marzo 2026<\/strong><\/h4>\n\n\n\n<div class=\"wp-block-columns is-layout-flex wp-container-7\">\n<div class=\"wp-block-column is-layout-flow\">\n<figure class=\"wp-block-image size-full\"><img decoding=\"async\" loading=\"lazy\" width=\"900\" height=\"1600\" src=\"https:\/\/ies9010-infd.mendoza.edu.ar\/sitio\/wp-content\/uploads\/2026\/03\/IMG-20260309-WA0000.jpg\" alt=\"\" class=\"wp-image-4641\" srcset=\"https:\/\/ies9010-infd.mendoza.edu.ar\/sitio\/wp-content\/uploads\/2026\/03\/IMG-20260309-WA0000.jpg 900w, https:\/\/ies9010-infd.mendoza.edu.ar\/sitio\/wp-content\/uploads\/2026\/03\/IMG-20260309-WA0000-563x1000.jpg 563w, https:\/\/ies9010-infd.mendoza.edu.ar\/sitio\/wp-content\/uploads\/2026\/03\/IMG-20260309-WA0000-768x1365.jpg 768w, https:\/\/ies9010-infd.mendoza.edu.ar\/sitio\/wp-content\/uploads\/2026\/03\/IMG-20260309-WA0000-864x1536.jpg 864w\" sizes=\"(max-width: 900px) 100vw, 900px\" \/><\/figure>\n<\/div>\n\n\n\n<div class=\"wp-block-column is-layout-flow\">\n<figure class=\"wp-block-image size-full\"><img decoding=\"async\" loading=\"lazy\" width=\"900\" height=\"1600\" src=\"https:\/\/ies9010-infd.mendoza.edu.ar\/sitio\/wp-content\/uploads\/2026\/03\/IMG-20260309-WA0001-2.jpg\" alt=\"\" class=\"wp-image-4642\" srcset=\"https:\/\/ies9010-infd.mendoza.edu.ar\/sitio\/wp-content\/uploads\/2026\/03\/IMG-20260309-WA0001-2.jpg 900w, https:\/\/ies9010-infd.mendoza.edu.ar\/sitio\/wp-content\/uploads\/2026\/03\/IMG-20260309-WA0001-2-563x1000.jpg 563w, https:\/\/ies9010-infd.mendoza.edu.ar\/sitio\/wp-content\/uploads\/2026\/03\/IMG-20260309-WA0001-2-768x1365.jpg 768w, https:\/\/ies9010-infd.mendoza.edu.ar\/sitio\/wp-content\/uploads\/2026\/03\/IMG-20260309-WA0001-2-864x1536.jpg 864w\" sizes=\"(max-width: 900px) 100vw, 900px\" \/><\/figure>\n<\/div>\n<\/div>\n\n\n\n<p><\/p>\n\n\n\n<hr class=\"wp-block-separator has-alpha-channel-opacity\"\/>\n\n\n\n<h4 class=\"wp-block-heading\"><strong>Abril 2026<\/strong><\/h4>\n\n\n\n<p>Fechas y horarios a confirmar&#8230;<\/p>\n","protected":false},"excerpt":{"rendered":"<p>Ex\u00e1menes juridiccionales de ingreso para todas las carreras 2026. Modalidad: Presencial. Lugar: Sede del IES 9010 \u00abRosario Vera Pe\u00f1aloza\u00bb Febrero 2026 Jueves 19. Comprensi\u00f3n y producci\u00f3n de textos: Turnos: 08:30 hs &#8211; 14:30 hs. &#8211; 18:30 hs. Viernes 20. Razonamiento l\u00f3gico y resoluci\u00f3n de problemas. Turnos: 08:30 hs. -14:30 hs &#8211; 18:30 hs. Marzo 2026 &#8230; <a title=\"Ex\u00e1menes juridiccionales de Ingreso\" class=\"read-more\" href=\"https:\/\/ies9010-infd.mendoza.edu.ar\/sitio\/examenes-juridiccionales-de-ingreso\/\" aria-label=\"More on Ex\u00e1menes juridiccionales de Ingreso\">[+]<\/a><\/p>\n","protected":false},"author":2717,"featured_media":0,"parent":0,"menu_order":0,"comment_status":"closed","ping_status":"closed","template":"","meta":[],"acf":[],"_links":{"self":[{"href":"https:\/\/ies9010-infd.mendoza.edu.ar\/sitio\/wp-json\/wp\/v2\/pages\/4597"}],"collection":[{"href":"https:\/\/ies9010-infd.mendoza.edu.ar\/sitio\/wp-json\/wp\/v2\/pages"}],"about":[{"href":"https:\/\/ies9010-infd.mendoza.edu.ar\/sitio\/wp-json\/wp\/v2\/types\/page"}],"author":[{"embeddable":true,"href":"https:\/\/ies9010-infd.mendoza.edu.ar\/sitio\/wp-json\/wp\/v2\/users\/2717"}],"replies":[{"embeddable":true,"href":"https:\/\/ies9010-infd.mendoza.edu.ar\/sitio\/wp-json\/wp\/v2\/comments?post=4597"}],"version-history":[{"count":5,"href":"https:\/\/ies9010-infd.mendoza.edu.ar\/sitio\/wp-json\/wp\/v2\/pages\/4597\/revisions"}],"predecessor-version":[{"id":4643,"href":"https:\/\/ies9010-infd.mendoza.edu.ar\/sitio\/wp-json\/wp\/v2\/pages\/4597\/revisions\/4643"}],"wp:attachment":[{"href":"https:\/\/ies9010-infd.mendoza.edu.ar\/sitio\/wp-json\/wp\/v2\/media?parent=4597"}],"curies":[{"name":"wp","href":"https:\/\/api.w.org\/{rel}","templated":true}]}}