{"id":4694,"date":"2026-03-20T17:58:21","date_gmt":"2026-03-20T20:58:21","guid":{"rendered":"https:\/\/ies9010-infd.mendoza.edu.ar\/sitio\/?page_id=4694"},"modified":"2026-03-28T00:47:08","modified_gmt":"2026-03-28T03:47:08","slug":"educacion-a-distancia-ead","status":"publish","type":"page","link":"https:\/\/ies9010-infd.mendoza.edu.ar\/sitio\/educacion-a-distancia-ead\/","title":{"rendered":"Educaci\u00f3n a Distancia (EaD)"},"content":{"rendered":"\n<figure class=\"wp-block-image size-large\"><img decoding=\"async\" loading=\"lazy\" width=\"1900\" height=\"570\" src=\"https:\/\/ies9010-infd.mendoza.edu.ar\/sitio\/wp-content\/uploads\/2026\/03\/21-1900x570.png\" alt=\"\" class=\"wp-image-4729\" srcset=\"https:\/\/ies9010-infd.mendoza.edu.ar\/sitio\/wp-content\/uploads\/2026\/03\/21-1900x570.png 1900w, https:\/\/ies9010-infd.mendoza.edu.ar\/sitio\/wp-content\/uploads\/2026\/03\/21-1000x300.png 1000w, https:\/\/ies9010-infd.mendoza.edu.ar\/sitio\/wp-content\/uploads\/2026\/03\/21-768x230.png 768w, https:\/\/ies9010-infd.mendoza.edu.ar\/sitio\/wp-content\/uploads\/2026\/03\/21-1536x461.png 1536w, https:\/\/ies9010-infd.mendoza.edu.ar\/sitio\/wp-content\/uploads\/2026\/03\/21.png 2000w\" sizes=\"(max-width: 1900px) 100vw, 1900px\" \/><\/figure>\n\n\n\n<h5 class=\"wp-block-heading\">Post\u00edtulos 2026<\/h5>\n\n\n\n<div class=\"wp-block-columns is-layout-flex wp-container-3\">\n<div class=\"wp-block-column is-layout-flow\">\n<h5 class=\"wp-block-heading\">&nbsp;<strong>\u00abActualizaci\u00f3n Acad\u00e9mica en Pr\u00e1cticas significativas y situadas en la modalidad EPJA\u00bb<\/strong><\/h5>\n<\/div>\n\n\n\n<div class=\"wp-block-column is-layout-flow\">\n<h5 class=\"wp-block-heading\"><strong>\u00abActualizaci\u00f3n Acad\u00e9mica en desarrollo de software para IA y blockchain\u00bb<\/strong><\/h5>\n<\/div>\n<\/div>\n\n\n\n<div class=\"wp-block-columns is-layout-flex wp-container-6\">\n<div class=\"wp-block-column is-layout-flow\">\n<figure class=\"wp-block-image size-full\"><img decoding=\"async\" loading=\"lazy\" width=\"1080\" height=\"1350\" src=\"https:\/\/ies9010-infd.mendoza.edu.ar\/sitio\/wp-content\/uploads\/2026\/03\/EaD-EPJA-con-info.png\" alt=\"\" class=\"wp-image-4745\" srcset=\"https:\/\/ies9010-infd.mendoza.edu.ar\/sitio\/wp-content\/uploads\/2026\/03\/EaD-EPJA-con-info.png 1080w, https:\/\/ies9010-infd.mendoza.edu.ar\/sitio\/wp-content\/uploads\/2026\/03\/EaD-EPJA-con-info-800x1000.png 800w, https:\/\/ies9010-infd.mendoza.edu.ar\/sitio\/wp-content\/uploads\/2026\/03\/EaD-EPJA-con-info-768x960.png 768w\" sizes=\"(max-width: 1080px) 100vw, 1080px\" \/><\/figure>\n<\/div>\n\n\n\n<div class=\"wp-block-column is-layout-flow\">\n<figure class=\"wp-block-image size-full\"><img decoding=\"async\" loading=\"lazy\" width=\"1080\" height=\"1350\" src=\"https:\/\/ies9010-infd.mendoza.edu.ar\/sitio\/wp-content\/uploads\/2026\/03\/EaD-IA-con-info.png\" alt=\"\" class=\"wp-image-4747\" srcset=\"https:\/\/ies9010-infd.mendoza.edu.ar\/sitio\/wp-content\/uploads\/2026\/03\/EaD-IA-con-info.png 1080w, https:\/\/ies9010-infd.mendoza.edu.ar\/sitio\/wp-content\/uploads\/2026\/03\/EaD-IA-con-info-800x1000.png 800w, https:\/\/ies9010-infd.mendoza.edu.ar\/sitio\/wp-content\/uploads\/2026\/03\/EaD-IA-con-info-768x960.png 768w\" sizes=\"(max-width: 1080px) 100vw, 1080px\" \/><\/figure>\n<\/div>\n<\/div>\n\n\n\n<div class=\"wp-block-columns is-layout-flex wp-container-9\">\n<div class=\"wp-block-column is-layout-flow\">\n<figure class=\"wp-block-image size-full\"><img decoding=\"async\" loading=\"lazy\" width=\"1080\" height=\"1350\" src=\"https:\/\/ies9010-infd.mendoza.edu.ar\/sitio\/wp-content\/uploads\/2026\/03\/EaD-EPJA-QR.png\" alt=\"\" class=\"wp-image-4746\" srcset=\"https:\/\/ies9010-infd.mendoza.edu.ar\/sitio\/wp-content\/uploads\/2026\/03\/EaD-EPJA-QR.png 1080w, https:\/\/ies9010-infd.mendoza.edu.ar\/sitio\/wp-content\/uploads\/2026\/03\/EaD-EPJA-QR-800x1000.png 800w, https:\/\/ies9010-infd.mendoza.edu.ar\/sitio\/wp-content\/uploads\/2026\/03\/EaD-EPJA-QR-768x960.png 768w\" sizes=\"(max-width: 1080px) 100vw, 1080px\" \/><\/figure>\n<\/div>\n\n\n\n<div class=\"wp-block-column is-layout-flow\">\n<figure class=\"wp-block-image size-full\"><img decoding=\"async\" loading=\"lazy\" width=\"1080\" height=\"1350\" src=\"https:\/\/ies9010-infd.mendoza.edu.ar\/sitio\/wp-content\/uploads\/2026\/03\/EaD-IA-con-QR.png\" alt=\"\" class=\"wp-image-4748\" srcset=\"https:\/\/ies9010-infd.mendoza.edu.ar\/sitio\/wp-content\/uploads\/2026\/03\/EaD-IA-con-QR.png 1080w, https:\/\/ies9010-infd.mendoza.edu.ar\/sitio\/wp-content\/uploads\/2026\/03\/EaD-IA-con-QR-800x1000.png 800w, https:\/\/ies9010-infd.mendoza.edu.ar\/sitio\/wp-content\/uploads\/2026\/03\/EaD-IA-con-QR-768x960.png 768w\" sizes=\"(max-width: 1080px) 100vw, 1080px\" \/><\/figure>\n<\/div>\n<\/div>\n\n\n\n<div class=\"wp-block-columns is-layout-flex wp-container-12\">\n<div class=\"wp-block-column is-layout-flow\">\n<div class=\"wp-block-file\"><object class=\"wp-block-file__embed\" data=\"https:\/\/ies9010-infd.mendoza.edu.ar\/sitio\/wp-content\/uploads\/2026\/03\/Dictamen-3154-25-Recibo-1981-25-ACTA-2025-120765857-APN-DATAYFICFEMCH-1.pdf\" type=\"application\/pdf\" style=\"width:100%;height:600px\" aria-label=\"Incrustado de Dictamen-3154-25-Recibo-1981-25-ACTA-2025-120765857-APN-DATAYFICFEMCH-1.\"><\/object><a id=\"wp-block-file--media-f8393799-6b3a-43a2-85b6-18d76d1c5766\" href=\"https:\/\/ies9010-infd.mendoza.edu.ar\/sitio\/wp-content\/uploads\/2026\/03\/Dictamen-3154-25-Recibo-1981-25-ACTA-2025-120765857-APN-DATAYFICFEMCH-1.pdf\">Dictamen-3154-25-Recibo-1981-25-ACTA-2025-120765857-APN-DATAYFICFEMCH-1<\/a><a href=\"https:\/\/ies9010-infd.mendoza.edu.ar\/sitio\/wp-content\/uploads\/2026\/03\/Dictamen-3154-25-Recibo-1981-25-ACTA-2025-120765857-APN-DATAYFICFEMCH-1.pdf\" class=\"wp-block-file__button wp-element-button\" download aria-describedby=\"wp-block-file--media-f8393799-6b3a-43a2-85b6-18d76d1c5766\">Descarga<\/a><\/div>\n<\/div>\n\n\n\n<div class=\"wp-block-column is-layout-flow\">\n<div class=\"wp-block-file\"><object class=\"wp-block-file__embed\" data=\"https:\/\/ies9010-infd.mendoza.edu.ar\/sitio\/wp-content\/uploads\/2026\/03\/ACTA-2025-137790680-APN-DATAYFICFEMCH-1.pdf\" type=\"application\/pdf\" style=\"width:100%;height:600px\" aria-label=\"Incrustado de ACTA-2025-137790680-APN-DATAYFICFEMCH-1.\"><\/object><a id=\"wp-block-file--media-072fa197-d251-4857-952a-f2e327357fb2\" href=\"https:\/\/ies9010-infd.mendoza.edu.ar\/sitio\/wp-content\/uploads\/2026\/03\/ACTA-2025-137790680-APN-DATAYFICFEMCH-1.pdf\">ACTA-2025-137790680-APN-DATAYFICFEMCH-1<\/a><a href=\"https:\/\/ies9010-infd.mendoza.edu.ar\/sitio\/wp-content\/uploads\/2026\/03\/ACTA-2025-137790680-APN-DATAYFICFEMCH-1.pdf\" class=\"wp-block-file__button wp-element-button\" download aria-describedby=\"wp-block-file--media-072fa197-d251-4857-952a-f2e327357fb2\">Descarga<\/a><\/div>\n<\/div>\n<\/div>\n\n\n\n<h4 class=\"wp-block-heading has-text-align-center\">Link de inscripciones<\/h4>\n\n\n\n<div class=\"wp-block-columns is-layout-flex wp-container-15\">\n<div class=\"wp-block-column is-layout-flow\">\n<p><a href=\"https:\/\/forms.gle\/Wj9RxQ7NLmuqGn96A\">https:\/\/forms.gle\/Wj9RxQ7NLmuqGn96A<\/a><\/p>\n<\/div>\n\n\n\n<div class=\"wp-block-column is-layout-flow\">\n<p><a href=\" https:\/\/forms.gle\/nUTspZxr6xu8JNbC6\"> https:\/\/forms.gle\/nUTspZxr6xu8JNbC6<\/a><\/p>\n<\/div>\n<\/div>\n","protected":false},"excerpt":{"rendered":"<p>Post\u00edtulos 2026 &nbsp;\u00abActualizaci\u00f3n Acad\u00e9mica en Pr\u00e1cticas significativas y situadas en la modalidad EPJA\u00bb \u00abActualizaci\u00f3n Acad\u00e9mica en desarrollo de software para IA y blockchain\u00bb Link de inscripciones https:\/\/forms.gle\/Wj9RxQ7NLmuqGn96A https:\/\/forms.gle\/nUTspZxr6xu8JNbC6<\/p>\n","protected":false},"author":2717,"featured_media":0,"parent":0,"menu_order":0,"comment_status":"closed","ping_status":"closed","template":"","meta":[],"acf":[],"_links":{"self":[{"href":"https:\/\/ies9010-infd.mendoza.edu.ar\/sitio\/wp-json\/wp\/v2\/pages\/4694"}],"collection":[{"href":"https:\/\/ies9010-infd.mendoza.edu.ar\/sitio\/wp-json\/wp\/v2\/pages"}],"about":[{"href":"https:\/\/ies9010-infd.mendoza.edu.ar\/sitio\/wp-json\/wp\/v2\/types\/page"}],"author":[{"embeddable":true,"href":"https:\/\/ies9010-infd.mendoza.edu.ar\/sitio\/wp-json\/wp\/v2\/users\/2717"}],"replies":[{"embeddable":true,"href":"https:\/\/ies9010-infd.mendoza.edu.ar\/sitio\/wp-json\/wp\/v2\/comments?post=4694"}],"version-history":[{"count":5,"href":"https:\/\/ies9010-infd.mendoza.edu.ar\/sitio\/wp-json\/wp\/v2\/pages\/4694\/revisions"}],"predecessor-version":[{"id":4784,"href":"https:\/\/ies9010-infd.mendoza.edu.ar\/sitio\/wp-json\/wp\/v2\/pages\/4694\/revisions\/4784"}],"wp:attachment":[{"href":"https:\/\/ies9010-infd.mendoza.edu.ar\/sitio\/wp-json\/wp\/v2\/media?parent=4694"}],"curies":[{"name":"wp","href":"https:\/\/api.w.org\/{rel}","templated":true}]}}