{"id":825,"date":"2018-06-28T01:57:27","date_gmt":"2018-06-28T04:57:27","guid":{"rendered":"https:\/\/ies9010-mza.infd.edu.ar\/sitio\/historia\/"},"modified":"2024-10-15T15:26:45","modified_gmt":"2024-10-15T18:26:45","slug":"historia","status":"publish","type":"page","link":"https:\/\/ies9010-infd.mendoza.edu.ar\/sitio\/historia\/","title":{"rendered":"Historia Institucional"},"content":{"rendered":"\n<div class=\"wp-block-cover is-light\" style=\"min-height:430px\"><span aria-hidden=\"true\" class=\"wp-block-cover__background has-background-dim\"><\/span><img decoding=\"async\" loading=\"lazy\" width=\"2560\" height=\"1441\" class=\"wp-block-cover__image-background wp-image-2679\" alt=\"\" src=\"https:\/\/ies9010-infd.mendoza.edu.ar\/sitio\/wp-content\/uploads\/2024\/10\/foto-vera-scaled.jpg\" data-object-fit=\"cover\" srcset=\"https:\/\/ies9010-infd.mendoza.edu.ar\/sitio\/wp-content\/uploads\/2024\/10\/foto-vera-scaled.jpg 2560w, https:\/\/ies9010-infd.mendoza.edu.ar\/sitio\/wp-content\/uploads\/2024\/10\/foto-vera-1000x563.jpg 1000w, https:\/\/ies9010-infd.mendoza.edu.ar\/sitio\/wp-content\/uploads\/2024\/10\/foto-vera-1900x1069.jpg 1900w, https:\/\/ies9010-infd.mendoza.edu.ar\/sitio\/wp-content\/uploads\/2024\/10\/foto-vera-768x432.jpg 768w, https:\/\/ies9010-infd.mendoza.edu.ar\/sitio\/wp-content\/uploads\/2024\/10\/foto-vera-1536x864.jpg 1536w, https:\/\/ies9010-infd.mendoza.edu.ar\/sitio\/wp-content\/uploads\/2024\/10\/foto-vera-2048x1153.jpg 2048w\" sizes=\"(max-width: 2560px) 100vw, 2560px\" \/><div class=\"wp-block-cover__inner-container\"><\/div><\/div>\n\n\n<p class=\"MsoNormal\" style=\"margin: 0cm 0cm 0pt 18pt; line-height: 200%; text-align: center;\"><strong>Instituto de Educaci\u00f3n Superior\u00a0 N\u00b0 9-010 \u00abRosario Vera Pe\u00f1aloza\u00bb<\/strong><\/p>\n<p style=\"text-align: center;\"><strong>1988 &#8211; 2024<\/strong><\/p>\n<p>En 1988 el Ministerio de Educaci\u00f3n y Justicia de la Naci\u00f3n por Resoluci\u00f3n N\u00b0 599\/88 crea el Instituto Nacional de Educaci\u00f3n Superior de Eugenio Bustos, por iniciativa de los vecinos de la Localidad y con el apoyo del Municipio y las Instituciones del Nivel Secundario. El Profesorado de Educaci\u00f3n Preescolar fue su primera carrera, y comenz\u00f3 a funcionar en el Colegio Nuestra Se\u00f1ora del Huerto. El Instituto estaba a cargo de la Rectora Sra. Ana Mar\u00eda Gomez.<\/p>\n<p>En el a\u00f1o 1989 bajo la disposici\u00f3n N\u00b0 133\/89 emanada por el Director Nacional de Educaci\u00f3n Superior Dr. Ovide Menin se estableci\u00f3 que el Instituto llevar\u00eda el nombre de Rosario Vera Pe\u00f1aloza.<\/p>\n<p class=\"MsoNormal\" style=\"margin: 0cm 0cm 0pt 18pt; line-height: 200%; text-align: center;\"><strong style=\"mso-bidi-font-weight: normal;\"><span lang=\"ES-MX\" style=\"mso-ansi-language: ES-MX;\"><span style=\"font-family: Times New Roman;\"><span style=\"text-decoration: underline;\"><span style=\"font-size: medium; color: #0000ff;\"><span lang=\"ES-MX\" style=\"mso-ansi-language: ES-MX;\"><span style=\"font-family: Times New Roman;\"><span style=\"text-decoration: underline;\"><span style=\"font-size: medium; color: #0000ff;\"><img decoding=\"async\" loading=\"lazy\" class=\"alignleft\" title=\"Rosarito Vera\" src=\"https:\/\/ies9010-infd.mendoza.edu.ar\/sitio\/wp-content\/uploads\/2018\/06\/penaloza.jpg\" alt=\"Rosarito Vera\" width=\"152\" height=\"167\" border=\"0\" \/><\/span><\/span><\/span><\/span><\/span><\/span><\/span><\/span><\/strong><\/p>\n<p>Rosario Vera Pe\u00f1aloza (1872 &#8211; 1950). Era descendiente de familias tradicionales del mundo pol\u00edtico y militar de la sociedad riojana. Su plena dedicaci\u00f3n a la educaci\u00f3n com\u00fan y, en especial, a la creaci\u00f3n de los jardines de infantes y al perfeccionamiento de sus docentes y de este nivel educativo la destac\u00f3 en la primera parte del siglo XX en Argentina. Su influencia fue grande debido a las funciones que ocup\u00f3 y de los numerosos cursos docentes que desarroll\u00f3 en todo el pa\u00eds.<\/p>\n<p>\u00a0<\/p>\n<p>Ese mismo a\u00f1o se habilita una nueva carrera denominada An\u00e1lisis de Sistemas Administrativos bajo la Resol. 720\/89 del Ministerio de Educaci\u00f3n y Justicia.<\/p>\n<p style=\"text-align: left;\">Ya en el a\u00f1o 1991 el Instituto se traslada al Colegio Don Bosco.<\/p>\n<p style=\"text-align: left;\">En el 2001 se traslada definitivamente a su edificio actual ubicado sobre la Ruta Nacional 40 Km. 3193 de Eugenio Bustos .<\/p>\n<p style=\"text-align: left;\">El Instituto acumula 36 a\u00f1os cumpliendo con una gran aporte a esta sociedad, brindando carreras docentes y t\u00e9cnicas.<\/p>\n<p style=\"text-align: left;\">Actualmente a cargo del Instituto se encuentra la Rectora Lic. Carina Morales\u00a0\u00a0<\/p>\n<h6>\u00a0<\/h6>","protected":false},"excerpt":{"rendered":"<p>Instituto de Educaci\u00f3n Superior\u00a0 N\u00b0 9-010 \u00abRosario Vera Pe\u00f1aloza\u00bb 1988 &#8211; 2024 En 1988 el Ministerio de Educaci\u00f3n y Justicia de la Naci\u00f3n por Resoluci\u00f3n N\u00b0 599\/88 crea el Instituto Nacional de Educaci\u00f3n Superior de Eugenio Bustos, por iniciativa de los vecinos de la Localidad y con el apoyo del Municipio y las Instituciones del &#8230; <a title=\"Historia Institucional\" class=\"read-more\" href=\"https:\/\/ies9010-infd.mendoza.edu.ar\/sitio\/historia\/\" aria-label=\"More on Historia Institucional\">[+]<\/a><\/p>\n","protected":false},"author":107,"featured_media":0,"parent":0,"menu_order":0,"comment_status":"closed","ping_status":"closed","template":"","meta":[],"acf":[],"_links":{"self":[{"href":"https:\/\/ies9010-infd.mendoza.edu.ar\/sitio\/wp-json\/wp\/v2\/pages\/825"}],"collection":[{"href":"https:\/\/ies9010-infd.mendoza.edu.ar\/sitio\/wp-json\/wp\/v2\/pages"}],"about":[{"href":"https:\/\/ies9010-infd.mendoza.edu.ar\/sitio\/wp-json\/wp\/v2\/types\/page"}],"author":[{"embeddable":true,"href":"https:\/\/ies9010-infd.mendoza.edu.ar\/sitio\/wp-json\/wp\/v2\/users\/107"}],"replies":[{"embeddable":true,"href":"https:\/\/ies9010-infd.mendoza.edu.ar\/sitio\/wp-json\/wp\/v2\/comments?post=825"}],"version-history":[{"count":6,"href":"https:\/\/ies9010-infd.mendoza.edu.ar\/sitio\/wp-json\/wp\/v2\/pages\/825\/revisions"}],"predecessor-version":[{"id":2684,"href":"https:\/\/ies9010-infd.mendoza.edu.ar\/sitio\/wp-json\/wp\/v2\/pages\/825\/revisions\/2684"}],"wp:attachment":[{"href":"https:\/\/ies9010-infd.mendoza.edu.ar\/sitio\/wp-json\/wp\/v2\/media?parent=825"}],"curies":[{"name":"wp","href":"https:\/\/api.w.org\/{rel}","templated":true}]}}